{"id":112,"date":"2015-02-13T15:24:32","date_gmt":"2015-02-13T15:24:32","guid":{"rendered":"http:\/\/tornmarck.com\/wordpress\/?page_id=112"},"modified":"2025-10-15T12:57:19","modified_gmt":"2025-10-15T12:57:19","slug":"hyra-bostad","status":"publish","type":"page","link":"http:\/\/kiplingeberg.se\/?page_id=112","title":{"rendered":"Hyra bostad"},"content":{"rendered":"<p>Kiplingebergs gods har en historia som str\u00e4cker sig \u00f6ver 370 \u00e5r och fastighetsf\u00f6rvaltningen \u00e4r en viktig del av denna historia. Att bo p\u00e5 Kiplingeberg idag inneb\u00e4r en unik kombination av att bo i en rofylld, historisk milj\u00f6 med fantastisk natur runt knuten och samtidigt n\u00e4rhet till stadens puls. Med endast 15-20 minuter till Uppsala och en timme till Stockholm finns h\u00e4r m\u00f6jligheten att f\u00e5 det b\u00e4sta av tv\u00e5 v\u00e4rldar.<\/p>\n<p>Vi har hus f\u00f6r s\u00e5v\u00e4l \u00e5retruntboende som fritidsboende. Flera av husen \u00e4r bel\u00e4gna i en vacker herrg\u00e5rdsmilj\u00f6 med stora tr\u00e4dg\u00e5rdar. Du kan v\u00e4lja mellan att hyra v\u00e5ra hus m\u00f6blerade eller om\u00f6blerade och f\u00f6r dig som \u00f6nskar kan vi \u00e4ven erbjuda till\u00e4ggstj\u00e4nster i form av l\u00f6pande underh\u00e5llsarbete och tr\u00e4dg\u00e5rdsservice (t.ex. att klippa gr\u00e4s och kratta l\u00f6v, rensa rabatter och h\u00e4ngr\u00e4nnor samt att besk\u00e4ra buskar och tr\u00e4d) eller hush\u00e5llsarbete s\u00e5som st\u00e4dning och f\u00f6nsterputsning. Vi g\u00f6r det helt enkelt l\u00e4ttare att bo p\u00e5 landet.<\/p>\n<p>Till g\u00e5rden h\u00f6r \u00e4ven V\u00e4sbylund Byggnadsv\u00e5rd &amp; G\u00e5rdsbutik, Edenhof golfbana samt Bemersberg ridsportanl\u00e4ggning. F\u00f6rutom golf och ridning finns det p\u00e5 egendomen ocks\u00e5 goda m\u00f6jligheter till skogspromenader, b\u00e4r- och svampplockning, jakt\u00a0 och andra aktiviteter. P\u00e5 vintern finns \u00e4ven tillg\u00e5ng till fina l\u00e4ngdskid\u00e5kningssp\u00e5r p\u00e5 golfbanan.<\/p>\n<h4><span style=\"color: #008000;\"><strong>Lediga hus<\/strong><\/span><\/h4>\n<p>I b\u00f6rjan av 2026 kommer vi att ha n\u00e5gra hus lediga f\u00f6r uthyrning. Mer information kommer. \u00c4r du intresserad av att hyra, maila g\u00e4rna en intresseanm\u00e4lan till <a href=\"fastighet@kiplingeberg.se\">fastighet@kiplingeberg.se<\/a>.<\/p>\n<p>&nbsp;<\/p>\n","protected":false},"excerpt":{"rendered":"<p class=\"excerpt\">Vi har hus f\u00f6r s\u00e5v\u00e4l \u00e5retruntboende som fritidsboende. V\u00e4lkommen att kontakta oss per mail om du \u00e4r intresserad.<\/p>\n<p class=\"more-link-p\"><a class=\"btn btn-default\" href=\"http:\/\/kiplingeberg.se\/?page_id=112\">Read more<\/a><\/p>\n","protected":false},"author":2,"featured_media":1305,"parent":16,"menu_order":0,"comment_status":"closed","ping_status":"closed","template":"","meta":[],"_links":{"self":[{"href":"http:\/\/kiplingeberg.se\/index.php?rest_route=\/wp\/v2\/pages\/112"}],"collection":[{"href":"http:\/\/kiplingeberg.se\/index.php?rest_route=\/wp\/v2\/pages"}],"about":[{"href":"http:\/\/kiplingeberg.se\/index.php?rest_route=\/wp\/v2\/types\/page"}],"author":[{"embeddable":true,"href":"http:\/\/kiplingeberg.se\/index.php?rest_route=\/wp\/v2\/users\/2"}],"replies":[{"embeddable":true,"href":"http:\/\/kiplingeberg.se\/index.php?rest_route=%2Fwp%2Fv2%2Fcomments&post=112"}],"version-history":[{"count":132,"href":"http:\/\/kiplingeberg.se\/index.php?rest_route=\/wp\/v2\/pages\/112\/revisions"}],"predecessor-version":[{"id":1739,"href":"http:\/\/kiplingeberg.se\/index.php?rest_route=\/wp\/v2\/pages\/112\/revisions\/1739"}],"up":[{"embeddable":true,"href":"http:\/\/kiplingeberg.se\/index.php?rest_route=\/wp\/v2\/pages\/16"}],"wp:featuredmedia":[{"embeddable":true,"href":"http:\/\/kiplingeberg.se\/index.php?rest_route=\/wp\/v2\/media\/1305"}],"wp:attachment":[{"href":"http:\/\/kiplingeberg.se\/index.php?rest_route=%2Fwp%2Fv2%2Fmedia&parent=112"}],"curies":[{"name":"wp","href":"https:\/\/api.w.org\/{rel}","templated":true}]}}