{"id":1608,"date":"2024-02-26T15:43:03","date_gmt":"2024-02-26T15:43:03","guid":{"rendered":"http:\/\/kiplingeberg.se\/?page_id=1608"},"modified":"2024-02-26T15:44:31","modified_gmt":"2024-02-26T15:44:31","slug":"retrievertraning-tavling","status":"publish","type":"page","link":"http:\/\/kiplingeberg.se\/?page_id=1608","title":{"rendered":"Retrievertr\u00e4ning &#038; t\u00e4vling"},"content":{"rendered":"<h4><span style=\"color: #008000;\"><strong>H\u00e4r \u00e4r ett axplock av det som h\u00e4nder under 2024<\/strong><\/span><\/h4>\n<p><span style=\"color: #003300;\"><strong>Retrievertr\u00e4ning<\/strong><\/span><\/p>\n<p>Helena &amp; Fredrik Lindstr\u00f6m driver <a href=\"https:\/\/www.reedsweepers.se\/kurser-28657369\" target=\"_blank\" rel=\"noopener\">Reedsweeper&#8217;s Gundogs<\/a> med uppf\u00f6dning av\u00a0labrador retriever och cocker spaniel av jakttyp. De har ocks\u00e5\u00a0en utvecklad kursverksamhet f\u00f6r jakthundar och dess \u00e4gare och h\u00e5ller ett antal kurser p\u00e5 Kiplingeberg.<\/p>\n<p><em>&#8220;V\u00e5r m\u00e5ls\u00e4ttning \u00e4r att h\u00e5lla kurser av h\u00f6g kvalitet, d\u00e4r varje deltagare utvecklas tillsammans med\u00a0sin hund. Vi l\u00e4gger stor vikt vid att\u00a0hitta verktyg och metoder f\u00f6r att tr\u00e4ningen ska bli s\u00e5 effektiv och rolig som m\u00f6jligt. V\u00e5rt motto \u00e4r: det \u00e4r alltid enklare att g\u00f6ra r\u00e4tt fr\u00e5n b\u00f6rjan \u00e4n att r\u00e4tta till felen i efterhand!&#8221;<\/em><\/p>\n<p><img decoding=\"async\" loading=\"lazy\" class=\"alignnone wp-image-986\" src=\"http:\/\/kiplingeberg.se\/wp-content\/uploads\/Sk\u00e4rmavbild-2018-03-18-kl.-10.29.11-300x71.png\" alt=\"\" width=\"228\" height=\"54\" srcset=\"http:\/\/kiplingeberg.se\/wp-content\/uploads\/Sk\u00e4rmavbild-2018-03-18-kl.-10.29.11-300x71.png 300w, http:\/\/kiplingeberg.se\/wp-content\/uploads\/Sk\u00e4rmavbild-2018-03-18-kl.-10.29.11-768x182.png 768w, http:\/\/kiplingeberg.se\/wp-content\/uploads\/Sk\u00e4rmavbild-2018-03-18-kl.-10.29.11.png 1038w\" sizes=\"(max-width: 228px) 100vw, 228px\" \/><\/p>\n<p><strong>Uttagning till International Working Test IWT i Tyskland<\/strong><\/p>\n<h4><\/h4>\n<h4><span style=\"color: #008000;\"><strong>Ett axplock av tidigare aktiviteter\u00a0<\/strong><\/span><\/h4>\n<p><span style=\"color: #003300;\">Retrievertr\u00e4ning med Reedsweeper&#8217;s Gundogs<\/span><\/p>\n<p><span style=\"color: #003300;\">Flatcoated Retriever WT 2019<\/span><\/p>\n<p><span style=\"color: #003300;\">Swedish Gundog League &#8211; WT Novice stake och Open stake<\/span><\/p>\n<p>Apportera f\u00f6r Livet 2018<\/p>\n<p>Flatcoated Retriever WT 2018<\/p>\n<p>Swedish Gundog League &#8211; WT Novice stake och Open stake 2018<\/p>\n","protected":false},"excerpt":{"rendered":"<p class=\"excerpt\">Retrievertr\u00e4ning och t\u00e4vling<\/p>\n<p class=\"more-link-p\"><a class=\"btn btn-default\" href=\"http:\/\/kiplingeberg.se\/?page_id=1608\">Read more<\/a><\/p>\n","protected":false},"author":2,"featured_media":482,"parent":14,"menu_order":2,"comment_status":"closed","ping_status":"closed","template":"","meta":[],"_links":{"self":[{"href":"http:\/\/kiplingeberg.se\/index.php?rest_route=\/wp\/v2\/pages\/1608"}],"collection":[{"href":"http:\/\/kiplingeberg.se\/index.php?rest_route=\/wp\/v2\/pages"}],"about":[{"href":"http:\/\/kiplingeberg.se\/index.php?rest_route=\/wp\/v2\/types\/page"}],"author":[{"embeddable":true,"href":"http:\/\/kiplingeberg.se\/index.php?rest_route=\/wp\/v2\/users\/2"}],"replies":[{"embeddable":true,"href":"http:\/\/kiplingeberg.se\/index.php?rest_route=%2Fwp%2Fv2%2Fcomments&post=1608"}],"version-history":[{"count":2,"href":"http:\/\/kiplingeberg.se\/index.php?rest_route=\/wp\/v2\/pages\/1608\/revisions"}],"predecessor-version":[{"id":1611,"href":"http:\/\/kiplingeberg.se\/index.php?rest_route=\/wp\/v2\/pages\/1608\/revisions\/1611"}],"up":[{"embeddable":true,"href":"http:\/\/kiplingeberg.se\/index.php?rest_route=\/wp\/v2\/pages\/14"}],"wp:featuredmedia":[{"embeddable":true,"href":"http:\/\/kiplingeberg.se\/index.php?rest_route=\/wp\/v2\/media\/482"}],"wp:attachment":[{"href":"http:\/\/kiplingeberg.se\/index.php?rest_route=%2Fwp%2Fv2%2Fmedia&parent=1608"}],"curies":[{"name":"wp","href":"https:\/\/api.w.org\/{rel}","templated":true}]}}