{"id":12,"date":"2015-01-22T10:12:14","date_gmt":"2015-01-22T10:12:14","guid":{"rendered":"http:\/\/tornmarck.com\/wordpress\/?page_id=12"},"modified":"2024-11-14T16:32:28","modified_gmt":"2024-11-14T16:32:28","slug":"jakt-och-vilt","status":"publish","type":"page","link":"https:\/\/kiplingeberg.se\/?page_id=12","title":{"rendered":"Viltf\u00f6rvaltning"},"content":{"rendered":"<p>P\u00e5 Kiplingeberg \u00e4r viltv\u00e5rden en integrerad del av jord- och skogsbruket och vi s\u00e4tter stort v\u00e4rde p\u00e5 viltet som resurs. P\u00e5 egendomen f\u00f6rvaltas fem frilevande kl\u00f6vviltslag (\u00e4lg, kronhjort, dovhjort, vildsvin och r\u00e5djur).<\/p>\n<p>Vi bedriver en aktiv viltf\u00f6rvaltning p\u00e5 Kiplingeberg och efterstr\u00e4var kl\u00f6vviltstammar av h\u00f6g kvalitet och viltt\u00e4thet och jaktligt uttag i proportion till markens b\u00e4rf\u00f6rm\u00e5ga. P\u00e5 k\u00f6pet f\u00e5r vi ett mer varierat och artrikare landskap. M\u00e5nga av de insatser som g\u00f6rs f\u00f6r gynnandet av det jaktbara viltet &#8211; anl\u00e4ggandet av v\u00e5tmarker och vilt\u00e5krar, uppbrytandet av monokulturer i odlingslandskapet med mera \u2013 gynnar ocks\u00e5 m\u00e5nga andra arter och d\u00e4rmed den biologiska m\u00e5ngfalden.<\/p>\n<p>Skickliga hundar och hundf\u00f6rare, inte minst f\u00f6r apportering och efters\u00f6k, \u00e4r en f\u00f6ruts\u00e4ttning f\u00f6r b\u00e5de f\u00e5gel- och kl\u00f6vviltjakt. Vi \u00e4r mycket engagerade i hundtr\u00e4ning och arrangerar b\u00e5de kurser och t\u00e4vlingar f\u00f6r retrievers i samarbete med duktiga uppf\u00f6dare och tr\u00e4nare. L\u00e4s mer <a href=\"http:\/\/kiplingeberg.se\/?page_id=14\">h\u00e4r<\/a>.<\/p>\n","protected":false},"excerpt":{"rendered":"<p class=\"excerpt\">Hos oss \u00e4r viltv\u00e5rden en integrerad del av jord- och skogsbruket. Tack vare denna helhetssyn och en kommersiellt driven viltf\u00f6rvaltning kan vi ha en h\u00f6g ambitionsniv\u00e5 n\u00e4r det g\u00e4ller vilt- och biotopv\u00e5rd.<\/p>\n<p class=\"more-link-p\"><a class=\"btn btn-default\" href=\"https:\/\/kiplingeberg.se\/?page_id=12\">Read more<\/a><\/p>\n","protected":false},"author":1,"featured_media":158,"parent":0,"menu_order":0,"comment_status":"closed","ping_status":"closed","template":"page-custom.php","meta":[],"_links":{"self":[{"href":"https:\/\/kiplingeberg.se\/index.php?rest_route=\/wp\/v2\/pages\/12"}],"collection":[{"href":"https:\/\/kiplingeberg.se\/index.php?rest_route=\/wp\/v2\/pages"}],"about":[{"href":"https:\/\/kiplingeberg.se\/index.php?rest_route=\/wp\/v2\/types\/page"}],"author":[{"embeddable":true,"href":"https:\/\/kiplingeberg.se\/index.php?rest_route=\/wp\/v2\/users\/1"}],"replies":[{"embeddable":true,"href":"https:\/\/kiplingeberg.se\/index.php?rest_route=%2Fwp%2Fv2%2Fcomments&post=12"}],"version-history":[{"count":19,"href":"https:\/\/kiplingeberg.se\/index.php?rest_route=\/wp\/v2\/pages\/12\/revisions"}],"predecessor-version":[{"id":1668,"href":"https:\/\/kiplingeberg.se\/index.php?rest_route=\/wp\/v2\/pages\/12\/revisions\/1668"}],"wp:featuredmedia":[{"embeddable":true,"href":"https:\/\/kiplingeberg.se\/index.php?rest_route=\/wp\/v2\/media\/158"}],"wp:attachment":[{"href":"https:\/\/kiplingeberg.se\/index.php?rest_route=%2Fwp%2Fv2%2Fmedia&parent=12"}],"curies":[{"name":"wp","href":"https:\/\/api.w.org\/{rel}","templated":true}]}}