{"id":14,"date":"2015-01-22T10:12:23","date_gmt":"2015-01-22T10:12:23","guid":{"rendered":"http:\/\/tornmarck.com\/wordpress\/?page_id=14"},"modified":"2025-10-15T13:43:42","modified_gmt":"2025-10-15T13:43:42","slug":"event","status":"publish","type":"page","link":"https:\/\/kiplingeberg.se\/?page_id=14","title":{"rendered":"Naturturism &#038; event"},"content":{"rendered":"<p>Kom och uppt\u00e4ck v\u00e5r storslagna natur!<\/p>\n<p>V\u00e5rt m\u00e5l \u00e4r att Kiplingeberg skall vara en v\u00e4lsk\u00f6tt och attraktiv plats f\u00f6r alla som bor och arbetar h\u00e4r, liksom f\u00f6r v\u00e5ra m\u00e5nga bes\u00f6kare. Vi \u00e4r glada f\u00f6r det stora intresset f\u00f6r att bes\u00f6ka v\u00e5ra fina marker, men ber om respekt och h\u00e4nsyn f\u00f6r s\u00e5v\u00e4l djur och natur som f\u00f6r den verksamhet som bedrivs p\u00e5 g\u00e5rden.<\/p>\n<p>Vi anordnar st\u00f6rre och mindre arrangemang f\u00f6r f\u00f6retag och privata grupper. Alla evenemang skr\u00e4ddarsys efter just era \u00f6nskem\u00e5l och kan inneh\u00e5lla en eller fler aktiviteter.<\/p>\n<p>H\u00e4r \u00e4r n\u00e5gra exempel p\u00e5 vad vi kan erbjuda:<\/p>\n<ul>\n<li>Viltsafari<\/li>\n<li>Fotosafari<\/li>\n<li>Skogsexkursioner<\/li>\n<li>Jakt &amp; skytte (lerduveskytte &amp; kulskytte)<\/li>\n<li>Omh\u00e4ndertagande av vilt (fr\u00e5n skog till bord)<\/li>\n<li>Hundtr\u00e4ningar &amp; hundt\u00e4vlingar<\/li>\n<li>Ridning (islandsh\u00e4st turridning &amp; ridlektion p\u00e5 bana)<\/li>\n<li>Golf<\/li>\n<\/ul>\n<p>Evenemangen kan kombineras med konferens, kost och logi.<\/p>\n<p>Vi kan erbjuda flera olika lokaler och ni v\u00e4ljer den som passar just ert s\u00e4llskap b\u00e4st. Ni kan h\u00e5lla till i en av herrg\u00e5rdens flyglar, i ett n\u00e4rliggande hus som vi kallar Gr\u00e5bo, i v\u00e5r jaktmatsal som ligger i den gamla smedjan eller varf\u00f6r inte i ett av de gamla s\u00e4desmagasinen fr\u00e5n mitten p\u00e5 1600-talet eller tidigt 1800-tal. I samarbete med Edenhof kan vi \u00e4ven erbjuda lokaler vackert bel\u00e4gna i en natursk\u00f6n omgivning i anslutning till Edenhof golfbana.<\/p>\n<p>Vi kan erbjuda \u00f6vernattning f\u00f6r totalt 24 personer. H\u00e4r finns \u00e4ven uteplats med grill, bastu\/relax och gym samt spa-bad.<\/p>\n<p>Vi uppl\u00e5ter \u00e4ven mark f\u00f6r olika \u00e4ndam\u00e5l s\u00e5som hundtr\u00e4ningar &amp; -t\u00e4vlingar.<\/p>\n<p>\u00c4r du intresserad av att bes\u00f6ka oss kontakta oss g\u00e4rna per <a href=\"mailto:event@kiplingeberg.se\" target=\"_blank\" rel=\"noopener\">mail<\/a>.<\/p>\n","protected":false},"excerpt":{"rendered":"<p class=\"excerpt\">Kom och uppt\u00e4ck v\u00e5r storslagna natur! V\u00e5rt m\u00e5l \u00e4r att Kiplingeberg skall vara en v\u00e4lsk\u00f6tt och attraktiv plats f\u00f6r alla som bor och arbetar h\u00e4r, liksom f\u00f6r v\u00e5ra m\u00e5nga bes\u00f6kare. Vi \u00e4r glada f\u00f6r det stora intresset f\u00f6r att bes\u00f6ka v\u00e5ra fina marker, men ber om respekt och h\u00e4nsyn f\u00f6r s\u00e5v\u00e4l djur och natur som f\u00f6r den verksamhet som bedrivs&hellip;<\/p>\n<p class=\"more-link-p\"><a class=\"btn btn-default\" href=\"https:\/\/kiplingeberg.se\/?page_id=14\">Read more<\/a><\/p>\n","protected":false},"author":1,"featured_media":0,"parent":0,"menu_order":0,"comment_status":"closed","ping_status":"closed","template":"page-custom.php","meta":[],"_links":{"self":[{"href":"https:\/\/kiplingeberg.se\/index.php?rest_route=\/wp\/v2\/pages\/14"}],"collection":[{"href":"https:\/\/kiplingeberg.se\/index.php?rest_route=\/wp\/v2\/pages"}],"about":[{"href":"https:\/\/kiplingeberg.se\/index.php?rest_route=\/wp\/v2\/types\/page"}],"author":[{"embeddable":true,"href":"https:\/\/kiplingeberg.se\/index.php?rest_route=\/wp\/v2\/users\/1"}],"replies":[{"embeddable":true,"href":"https:\/\/kiplingeberg.se\/index.php?rest_route=%2Fwp%2Fv2%2Fcomments&post=14"}],"version-history":[{"count":51,"href":"https:\/\/kiplingeberg.se\/index.php?rest_route=\/wp\/v2\/pages\/14\/revisions"}],"predecessor-version":[{"id":1755,"href":"https:\/\/kiplingeberg.se\/index.php?rest_route=\/wp\/v2\/pages\/14\/revisions\/1755"}],"wp:attachment":[{"href":"https:\/\/kiplingeberg.se\/index.php?rest_route=%2Fwp%2Fv2%2Fmedia&parent=14"}],"curies":[{"name":"wp","href":"https:\/\/api.w.org\/{rel}","templated":true}]}}