{"id":1598,"date":"2024-02-26T15:18:07","date_gmt":"2024-02-26T15:18:07","guid":{"rendered":"http:\/\/kiplingeberg.se\/?page_id=1598"},"modified":"2024-02-26T15:21:53","modified_gmt":"2024-02-26T15:21:53","slug":"allemansratt-xx","status":"publish","type":"page","link":"https:\/\/kiplingeberg.se\/?page_id=1598","title":{"rendered":"Allemansr\u00e4tten"},"content":{"rendered":"<h4><strong>V\u00e4lkommen!<\/strong><\/h4>\n<p>V\u00e4lkommen att bes\u00f6ka v\u00e5ra marker. H\u00e4r \u00e4r n\u00e5gra saker att t\u00e4nka p\u00e5.<\/p>\n<h4><strong>Allemansr\u00e4tten: inte st\u00f6ra &#8211; inte f\u00f6rst\u00f6ra<br \/>\n<\/strong><\/h4>\n<p>Allemansr\u00e4tten ger alla en unik m\u00f6jlighet att r\u00f6ra sig fritt i naturen. Med den r\u00e4tten f\u00f6ljer ocks\u00e5 krav p\u00e5 h\u00e4nsyn och varsamhet mot natur och djurliv, mot mark\u00e4gare och mot andra m\u00e4nniskor i naturen.<\/p>\n<p>Markerna p\u00e5 Kiplingeberg \u00e4r viltrika. Under v\u00e5r och sommar &#8211; n\u00e4r det \u00e4r \u201dbarnkammare\u201d i naturen &#8211; \u00e4r djuren s\u00e4rskilt st\u00f6rningsk\u00e4nsliga. Visa h\u00e4nsyn!<\/p>\n<p>L\u00e4s mer om allemansr\u00e4tten hos <a href=\"http:\/\/www.naturvardsverket.se\/Var-natur\/Allemansratten\/Det-har-galler\/\" target=\"_blank\" rel=\"noopener\">naturv\u00e5rdsverket.<\/a><\/p>\n<h4><strong>Motortrafik och parkering p\u00e5 enskild v\u00e4g<\/strong><\/h4>\n<p>Bilburna bes\u00f6kare \u00e4r v\u00e4lkomna att parkera p\u00e5 parkeringsplatsen vid golfbanan. V\u00e5ra skogsbilv\u00e4gar nyttjas f\u00f6r skogsbruk och annan verksamhet p\u00e5 vardagar och helgdagar, alla tider p\u00e5 dygnet. De \u00e4r inte \u00f6ppna f\u00f6r allm\u00e4n trafik och det \u00e4r inte till\u00e5tet att parkera p\u00e5 dem. V\u00e4nligen respektera det.<\/p>\n<h4><strong>Hundar<\/strong><\/h4>\n<p>Under tiden 1 mars &#8211; 20 augusti skall hundar h\u00e5llas under s\u00e5dan tillsyn att de hindras fr\u00e5n att springa l\u00f6sa i marker d\u00e4r det finns vilt. Under den \u00f6vriga tiden av \u00e5ret skall hundar h\u00e5llas under s\u00e5dan tillsyn att de hindras fr\u00e5n att driva eller f\u00f6rf\u00f6lja vilt, n\u00e4r de inte anv\u00e4nds vid jakt. Om en hund springer l\u00f6s i ett omr\u00e5de d\u00e4r det finns vilt, f\u00e5r jaktr\u00e4ttshavaren eller n\u00e5gon som f\u00f6retr\u00e4der honom ta hand om hunden.<\/p>\n<h4><strong>Ridning<\/strong><\/h4>\n<p>Ridning i skog och mark \u00e4r till\u00e5ten d\u00e4r den kan ske utan skada och d\u00e4r boende inte blir st\u00f6rda. Rid inte i skidsp\u00e5r, p\u00e5 mjuka stigar eller \u00f6ver tomter, \u00e5krar, nyplanterad skog, mossar eller annan \u00f6mt\u00e5lig mark. Rid aldrig i granplanteringar och var extra f\u00f6rsiktig under v\u00e5r och h\u00f6st, \u00e4ven med att rida p\u00e5 grusv\u00e4gar, n\u00e4r det \u00e4r bl\u00f6tt och mjukt i markerna.<\/p>\n<h4><strong>Terr\u00e4ngk\u00f6rning med sn\u00f6skoter<br \/>\n<\/strong><\/h4>\n<p>Sn\u00f6skoterk\u00f6rning omfattas inte av allemansr\u00e4tten, s\u00e5 r\u00e4tten att k\u00f6ra p\u00e5 annans mark \u00e4r inte sj\u00e4lvklar. Det anses till\u00e5tet att k\u00f6ra p\u00e5 v\u00e4l sn\u00f6t\u00e4ckt och tj\u00e4lad mark om man inte st\u00f6r, f\u00f6rst\u00f6r eller p\u00e5 annat s\u00e4tt bryter mot lagen. Generellt f\u00f6rbud g\u00e4ller f\u00f6r k\u00f6rning p\u00e5 skogsplanteringar och i ungskog som \u00e4r l\u00e4gre \u00e4n tv\u00e5 meter \u00f6ver sn\u00f6t\u00e4cket. Det \u00e4r inte heller till\u00e5tet att k\u00f6ra p\u00e5 jordbruksmark, om det inte \u00e4r uppenbart att k\u00f6rningen kan ske utan risk f\u00f6r skada p\u00e5 marken eller v\u00e4xande gr\u00f6dor. K\u00f6r inte heller skoter alltf\u00f6r n\u00e4ra bebyggelse eller p\u00e5 oplogade v\u00e4gar, d\u00e5 det kan f\u00f6rsv\u00e5ra eller om\u00f6jligg\u00f6ra senare plogning.<\/p>\n<p>L\u00e4s mer om vad som g\u00e4ller hos <a href=\"http:\/\/www.lansstyrelsen.se\/uppsala\/Sv\/djur-och-natur\/motortrafik-i-naturen\/terrangkorning\/Pages\/default.aspx\" target=\"_blank\" rel=\"noopener\">l\u00e4nsstyrelsen <\/a>och <a href=\"http:\/\/www.naturvardsverket.se\/Var-natur\/Allemansratten\/Det-har-galler\/Motortrafik-i-naturen\/Snoskoter-i-terrangen\/\" target=\"_blank\" rel=\"noopener\">naturv\u00e5rdsverket.<\/a><\/p>\n","protected":false},"excerpt":{"rendered":"<p class=\"excerpt\">Allemansr\u00e4tten \u00e4r en fantastisk tillg\u00e5ng &#8211; anv\u00e4nd den med ansvar.<\/p>\n<p class=\"more-link-p\"><a class=\"btn btn-default\" href=\"https:\/\/kiplingeberg.se\/?page_id=1598\">Read more<\/a><\/p>\n","protected":false},"author":2,"featured_media":1215,"parent":14,"menu_order":0,"comment_status":"closed","ping_status":"closed","template":"","meta":[],"_links":{"self":[{"href":"https:\/\/kiplingeberg.se\/index.php?rest_route=\/wp\/v2\/pages\/1598"}],"collection":[{"href":"https:\/\/kiplingeberg.se\/index.php?rest_route=\/wp\/v2\/pages"}],"about":[{"href":"https:\/\/kiplingeberg.se\/index.php?rest_route=\/wp\/v2\/types\/page"}],"author":[{"embeddable":true,"href":"https:\/\/kiplingeberg.se\/index.php?rest_route=\/wp\/v2\/users\/2"}],"replies":[{"embeddable":true,"href":"https:\/\/kiplingeberg.se\/index.php?rest_route=%2Fwp%2Fv2%2Fcomments&post=1598"}],"version-history":[{"count":5,"href":"https:\/\/kiplingeberg.se\/index.php?rest_route=\/wp\/v2\/pages\/1598\/revisions"}],"predecessor-version":[{"id":1603,"href":"https:\/\/kiplingeberg.se\/index.php?rest_route=\/wp\/v2\/pages\/1598\/revisions\/1603"}],"up":[{"embeddable":true,"href":"https:\/\/kiplingeberg.se\/index.php?rest_route=\/wp\/v2\/pages\/14"}],"wp:featuredmedia":[{"embeddable":true,"href":"https:\/\/kiplingeberg.se\/index.php?rest_route=\/wp\/v2\/media\/1215"}],"wp:attachment":[{"href":"https:\/\/kiplingeberg.se\/index.php?rest_route=%2Fwp%2Fv2%2Fmedia&parent=1598"}],"curies":[{"name":"wp","href":"https:\/\/api.w.org\/{rel}","templated":true}]}}