{"id":16,"date":"2015-01-22T10:12:34","date_gmt":"2015-01-22T10:12:34","guid":{"rendered":"http:\/\/tornmarck.com\/wordpress\/?page_id=16"},"modified":"2022-03-14T13:40:57","modified_gmt":"2022-03-14T13:40:57","slug":"bostader","status":"publish","type":"page","link":"https:\/\/kiplingeberg.se\/?page_id=16","title":{"rendered":"Fastigheter &#038; byggnadsv\u00e5rd"},"content":{"rendered":"<p><span style=\"color: #000000; font-family: Verdana;\">Till fastighetsf\u00f6rvaltningen r\u00e4knar vi v\u00e5rd och utveckling av v\u00e5ra kulturmilj\u00f6er, f\u00f6rvaltning av egendomens omkring 80 byggnader och anl\u00e4ggningar samt ett antal markuppl\u00e5telser<\/span><span style=\"color: #000000; font-family: Verdana;\"> f\u00f6r olika \u00e4ndam\u00e5l. <\/span><\/p>\n<p><span style=\"color: #000000; font-family: Verdana;\">Vi hyr ut \u00e5retruntbost\u00e4der och sommartorp liksom kalla och uppv\u00e4rmda lokaler. Markuppl\u00e5telser g\u00e4ller allt fr\u00e5n mobilmast till fr\u00f6plantage.<br \/>\n<\/span><\/p>\n<p><span style=\"color: #000000; font-family: Verdana;\">Det \u00e4r en utmaning men ocks\u00e5 en stor gl\u00e4dje i att f\u00f6rvalta levande byggnader och milj\u00f6er fr\u00e5n fem olika \u00e5rhundraden. Vi k\u00e4nner oss priviligierade \u00f6ver att f\u00e5 bo och verka i en s\u00e5dan milj\u00f6 och att f\u00e5 dela den med alla som bor hos oss, arbetar hos oss och bes\u00f6ker oss!<\/span><\/p>\n<h4><span style=\"color: #008000;\"><strong>V\u00e5ra m\u00e5l med fastighetsf\u00f6rvaltningen<\/strong><\/span><span style=\"color: #003366;\"><strong><span class=\"PLAIN\" style=\"font-family: Verdana;\"><br \/>\n<\/span><\/strong><\/span><\/h4>\n<ul>\n<li><span class=\"PLAIN\" style=\"color: #000000; font-family: Verdana;\">Att hitta anv\u00e4<span class=\"PLAIN\" style=\"color: #000000; font-family: Verdana;\">ndningsomr\u00e5<\/span><span class=\"PLAIN\" style=\"color: #000000; font-family: Verdana;\">den f\u00f6<\/span><span class=\"PLAIN\" style=\"color: #000000; font-family: Verdana;\">r alla byggnader f\u00f6<\/span><span class=\"PLAIN\" style=\"color: #000000; font-family: Verdana;\">r att m\u00f6<\/span><span class=\"PLAIN\" style=\"color: #000000; font-family: Verdana;\">jligg\u00f6<\/span><span class=\"PLAIN\" style=\"color: #000000; font-family: Verdana;\">ra underh\u00e5<\/span><span class=\"PLAIN\" style=\"color: #000000; font-family: Verdana;\">ll och bevarande av v\u00e5ra g\u00e5rdsmilj\u00f6er.<\/span><\/span><\/li>\n<li><span class=\"PLAIN\" style=\"color: #000000; font-family: Verdana;\">Att v\u00e4<\/span><span class=\"PLAIN\" style=\"color: #000000; font-family: Verdana;\">lja milj\u00f6v\u00e4nliga material och metoder vid underh\u00e5ll som<\/span><span class=\"PLAIN\" style=\"color: #000000; font-family: Verdana;\"> harmonierar<\/span><span class=\"PLAIN\" style=\"color: #000000; font-family: Verdana;\"> med byggnadernas ursprung och karakt\u00e4<\/span><span class=\"PLAIN\" style=\"color: #000000; font-family: Verdana;\">r<\/span>.<\/li>\n<li><span class=\"PLAIN\" style=\"color: #000000; font-family: Verdana;\">Att minimera v\u00e5r negativa milj\u00f6p\u00e5verkan genom att alltid s\u00f6ka till\u00e4mpa best practice och b\u00e4sta tillg\u00e4ngliga teknik f\u00f6r bland annat avloppsrening, vattenhush\u00e5llning och energieffektivitet<\/span><span class=\"PLAIN\" style=\"color: #000000; font-family: Verdana;\">.<\/span><\/li>\n<\/ul>\n<h4><span style=\"color: #008000;\"><b>Byggnadsv\u00e5rd &amp; G\u00e5rdsbutik<\/b><\/span><\/h4>\n<div class=\"\" data-block=\"true\" data-editor=\"atuf3\" data-offset-key=\"2ac5d-0-0\">\n<div class=\"_1mj _1mf\" data-offset-key=\"2ac5d-0-0\"><span class=\"\" data-offset-key=\"2ac5d-0-0\">I april 2017 slog vi upp portarna till <\/span><span class=\"\">V\u00e4sbylund Byggnadsv\u00e5rd &amp; G\u00e5rdsbutik!<\/span><\/div>\n<\/div>\n<div class=\"\" data-block=\"true\" data-editor=\"atuf3\" data-offset-key=\"9q5ic-0-0\">\n<div class=\"_1mj _1mf\" data-offset-key=\"9q5ic-0-0\"><span class=\"\" data-offset-key=\"9q5ic-0-0\">\u00a0<\/span><\/div>\n<\/div>\n<div class=\"\" data-block=\"true\" data-editor=\"atuf3\" data-offset-key=\"6qf5m-0-0\">\n<div class=\"_1mj _1mf\" data-offset-key=\"6qf5m-0-0\"><span class=\"\" data-offset-key=\"6qf5m-0-0\">Butiken ger nytt liv \u00e5t gamla V\u00e4sbylunds folkskola, som varit st\u00e4ngd sedan 60-talet men fortfarande har sina skolsalar kvar. Vi hade l\u00e4nge s\u00f6kt en l\u00e4mplig verksamhet f\u00f6r den gamla skolan och d<\/span><span class=\"\">et var med stor gl\u00e4dje som vi tog\u00a0\u00f6ver Uppsala F\u00f6nsterhantverks fina butik f\u00f6r att driva den vidare i V\u00e4sbylund.<\/span><\/div>\n<\/div>\n<div class=\"\" data-block=\"true\" data-editor=\"atuf3\" data-offset-key=\"8ptsb-0-0\">\n<div class=\"_1mj _1mf\" data-offset-key=\"8ptsb-0-0\"><span class=\"\" data-offset-key=\"8ptsb-0-0\">\u00a0<\/span><\/div>\n<\/div>\n<div class=\"\" data-block=\"true\" data-editor=\"atuf3\" data-offset-key=\"9q33-0-0\">\n<div class=\"_1mj _1mf\" data-offset-key=\"9q33-0-0\"><span class=\"\">I byggnadsva\u030ardsbutiken hittar du allt du beho\u0308ver fo\u0308r att bygga, renovera och inreda ditt hus, sa\u030ava\u0308l inva\u0308ndigt som utva\u0308ndigt. H\u00e4r finns \u00e4ven inredning f\u00f6r gammal och ny milj\u00f6. Hos oss hittar du bland annat f\u00e4rg, s\u00e5pa, oljor, kitt, pigment, penslar, skrapor och andra handverktyg, drev, t\u00e4tningslister, smidesprodukter och beslag fr\u00e5n tillverkare och leverant\u00f6rer som Ottossons f\u00e4rgmakeri, Falu R\u00f6df\u00e4rg, Wibo f\u00e4rg, Selder &amp; Co, Gysinge Byggnadsv\u00e5rd, Kulturbelysning, Eskilstuna kulturbeslag, Isolina, T\u00e4rnsj\u00f6 garveri och Qvesarum. Vi har \u00e4ven Badex sortiment f\u00f6r k\u00f6k och badrum och inredningsdetaljer.<\/span><\/div>\n<div data-offset-key=\"9q33-0-0\"><\/div>\n<div class=\"_1mj _1mf\" data-offset-key=\"9q33-0-0\"><span class=\"\">Vi breddar hela tiden sortimentet s\u00e5 tveka inte att h\u00f6ra av dig om det \u00e4r n\u00e5got du saknar!\u00a0<\/span><\/div>\n<div data-offset-key=\"9q33-0-0\"><\/div>\n<div class=\"_1mj _1mf\" data-offset-key=\"9q33-0-0\">I ga\u030ardsbutiken erbjuder vi vilt (bland annat dovhjort, kronhjort, ra\u030adjur och vildsvin) fra\u030an Kiplingeberg och andra lokalproducerade livsmedel fra\u030an sma\u030askaliga mathantverkare som vi valt ut med omsorg.<\/div>\n<div class=\"_1mj _1mf\" data-offset-key=\"9q33-0-0\">\n<p>Fr\u00e5n och med december 2021 hittar du \u00e4ven Svelato i g\u00e5rdsbutiken. Svelato \u00e4r ett litet f\u00f6retag som startats och drivs av Benyaa de Kartzow. I g\u00e5rdsbutiken g\u00f6r hon en fantastisk gelato p\u00e5 n\u00e4rproducerade r\u00e5varor. Du kan njuta av kaffe och glass p\u00e5 plats hos oss eller ta med glass hem.<\/p>\n<p><strong>Kontaktuppgifter V\u00e4sbylund Byggnadsv\u00e5rd &amp; G\u00e5rdsbutik<\/strong><\/p>\n<\/div>\n<div class=\"_1mj _1mf\" data-offset-key=\"9q33-0-0\">Hemsida: <a href=\"http:\/\/www.vasbylund.se\" target=\"_blank\" rel=\"noopener\">www.vasbylund.se<\/a><\/div>\n<div class=\"_1mj _1mf\" data-offset-key=\"9q33-0-0\">Epost: info@vasbylund.se<\/div>\n<div class=\"_1mj _1mf\" data-offset-key=\"9q33-0-0\">Telefon: 070-7331873<\/div>\n<div data-offset-key=\"9q33-0-0\"><\/div>\n<div class=\"_1mj _1mf\" data-offset-key=\"9q33-0-0\"><span style=\"font-size: 16px;\">Vi l\u00e4gger l\u00f6pande ut information p\u00e5 Facebook och Instagram under &#8220;V\u00e4sbylund Byggnadsv\u00e5rd&#8221;. F\u00f6lj oss g\u00e4rna d\u00e4r!<\/span><\/div>\n<\/div>\n<div class=\"\" data-block=\"true\" data-editor=\"atuf3\" data-offset-key=\"aajfj-0-0\"><a href=\"http:\/\/kiplingeberg.se\/wp-content\/uploads\/fullsizeoutput_381d.jpeg\"><img decoding=\"async\" loading=\"lazy\" class=\"alignnone size-medium wp-image-951\" src=\"http:\/\/kiplingeberg.se\/wp-content\/uploads\/fullsizeoutput_381d-300x173.jpeg\" alt=\"fullsizeoutput_381d\" width=\"300\" height=\"173\" srcset=\"https:\/\/kiplingeberg.se\/wp-content\/uploads\/fullsizeoutput_381d-300x173.jpeg 300w, https:\/\/kiplingeberg.se\/wp-content\/uploads\/fullsizeoutput_381d-1200x693.jpeg 1200w, https:\/\/kiplingeberg.se\/wp-content\/uploads\/fullsizeoutput_381d.jpeg 1242w\" sizes=\"(max-width: 300px) 100vw, 300px\" \/><\/a><\/div>\n<div data-block=\"true\" data-editor=\"atuf3\" data-offset-key=\"aajfj-0-0\"><\/div>\n<div data-block=\"true\" data-editor=\"atuf3\" data-offset-key=\"aajfj-0-0\"><\/div>\n","protected":false},"excerpt":{"rendered":"<p class=\"excerpt\">Till fastighetsf\u00f6rvaltningen r\u00e4knar vi v\u00e5rd och utveckling av v\u00e5ra kulturmilj\u00f6er, f\u00f6rvaltning av egendomens omkring 80 byggnader och anl\u00e4ggningar samt ett antal markuppl\u00e5telser f\u00f6r olika \u00e4ndam\u00e5l. Vi hyr ut \u00e5retruntbost\u00e4der och sommartorp liksom kalla och uppv\u00e4rmda lokaler. Markuppl\u00e5telser g\u00e4ller allt fr\u00e5n mobilmast till fr\u00f6plantage. Det \u00e4r en utmaning men ocks\u00e5 en stor gl\u00e4dje i att f\u00f6rvalta levande byggnader och milj\u00f6er fr\u00e5n&hellip;<\/p>\n<p class=\"more-link-p\"><a class=\"btn btn-default\" href=\"https:\/\/kiplingeberg.se\/?page_id=16\">Read more<\/a><\/p>\n","protected":false},"author":1,"featured_media":0,"parent":0,"menu_order":0,"comment_status":"closed","ping_status":"closed","template":"page-custom.php","meta":[],"_links":{"self":[{"href":"https:\/\/kiplingeberg.se\/index.php?rest_route=\/wp\/v2\/pages\/16"}],"collection":[{"href":"https:\/\/kiplingeberg.se\/index.php?rest_route=\/wp\/v2\/pages"}],"about":[{"href":"https:\/\/kiplingeberg.se\/index.php?rest_route=\/wp\/v2\/types\/page"}],"author":[{"embeddable":true,"href":"https:\/\/kiplingeberg.se\/index.php?rest_route=\/wp\/v2\/users\/1"}],"replies":[{"embeddable":true,"href":"https:\/\/kiplingeberg.se\/index.php?rest_route=%2Fwp%2Fv2%2Fcomments&post=16"}],"version-history":[{"count":32,"href":"https:\/\/kiplingeberg.se\/index.php?rest_route=\/wp\/v2\/pages\/16\/revisions"}],"predecessor-version":[{"id":1400,"href":"https:\/\/kiplingeberg.se\/index.php?rest_route=\/wp\/v2\/pages\/16\/revisions\/1400"}],"wp:attachment":[{"href":"https:\/\/kiplingeberg.se\/index.php?rest_route=%2Fwp%2Fv2%2Fmedia&parent=16"}],"curies":[{"name":"wp","href":"https:\/\/api.w.org\/{rel}","templated":true}]}}