{"id":1606,"date":"2024-02-26T15:35:16","date_gmt":"2024-02-26T15:35:16","guid":{"rendered":"http:\/\/kiplingeberg.se\/?page_id=1606"},"modified":"2024-02-26T15:35:37","modified_gmt":"2024-02-26T15:35:37","slug":"elles-utemat","status":"publish","type":"page","link":"https:\/\/kiplingeberg.se\/?page_id=1606","title":{"rendered":"Elles Utemat"},"content":{"rendered":"<p><span style=\"color: #003300;\">Under 2022 inledde vi ett sp\u00e4nnande samarbete med Elles Utemat!<\/span><\/p>\n<p class=\"p1\">Elle \u00e4r en passionerad utekock som \u00e4lskar eld, skog och svampplockning och tillsammans byggde vi upp en magisk plats f\u00f6r utematlagning och events. Tillsammans med Elle har vi nu m\u00f6jlighet att erbjuda n\u00e5got ut\u00f6ver det vanliga. Krydda din konferens, staycation eller weekendresa med en exklusiv matlagningsupplevelse \u00f6ver \u00f6ppen eld, buschcraft eller viltplockat.<\/p>\n<p class=\"p1\">G\u00e5 g\u00e4rna in p\u00e5\u00a0<a href=\"http:\/\/www.ellesutemat.se\" target=\"_blank\" rel=\"noopener\">Elles j\u00e4ttefina hemsida<\/a> och l\u00e5t er inspireras av matlagning och bushcraft i alla dess former.<\/p>\n<p>\u00c4r du intresserad av ett event ut\u00f6ver det vanliga? Kontakta oss p\u00e5 event@kiplingeberg.se.<\/p>\n","protected":false},"excerpt":{"rendered":"<p class=\"excerpt\">Elles Utemat &#8211; Exklusiva matlagningsupplevelser \u00f6ver \u00f6ppen eld<\/p>\n<p class=\"more-link-p\"><a class=\"btn btn-default\" href=\"https:\/\/kiplingeberg.se\/?page_id=1606\">Read more<\/a><\/p>\n","protected":false},"author":2,"featured_media":1395,"parent":14,"menu_order":1,"comment_status":"closed","ping_status":"closed","template":"","meta":[],"_links":{"self":[{"href":"https:\/\/kiplingeberg.se\/index.php?rest_route=\/wp\/v2\/pages\/1606"}],"collection":[{"href":"https:\/\/kiplingeberg.se\/index.php?rest_route=\/wp\/v2\/pages"}],"about":[{"href":"https:\/\/kiplingeberg.se\/index.php?rest_route=\/wp\/v2\/types\/page"}],"author":[{"embeddable":true,"href":"https:\/\/kiplingeberg.se\/index.php?rest_route=\/wp\/v2\/users\/2"}],"replies":[{"embeddable":true,"href":"https:\/\/kiplingeberg.se\/index.php?rest_route=%2Fwp%2Fv2%2Fcomments&post=1606"}],"version-history":[{"count":1,"href":"https:\/\/kiplingeberg.se\/index.php?rest_route=\/wp\/v2\/pages\/1606\/revisions"}],"predecessor-version":[{"id":1607,"href":"https:\/\/kiplingeberg.se\/index.php?rest_route=\/wp\/v2\/pages\/1606\/revisions\/1607"}],"up":[{"embeddable":true,"href":"https:\/\/kiplingeberg.se\/index.php?rest_route=\/wp\/v2\/pages\/14"}],"wp:featuredmedia":[{"embeddable":true,"href":"https:\/\/kiplingeberg.se\/index.php?rest_route=\/wp\/v2\/media\/1395"}],"wp:attachment":[{"href":"https:\/\/kiplingeberg.se\/index.php?rest_route=%2Fwp%2Fv2%2Fmedia&parent=1606"}],"curies":[{"name":"wp","href":"https:\/\/api.w.org\/{rel}","templated":true}]}}