{"id":18,"date":"2015-01-22T10:12:57","date_gmt":"2015-01-22T10:12:57","guid":{"rendered":"http:\/\/tornmarck.com\/wordpress\/?page_id=18"},"modified":"2023-05-17T15:38:38","modified_gmt":"2023-05-17T15:38:38","slug":"golf","status":"publish","type":"page","link":"https:\/\/kiplingeberg.se\/?page_id=18","title":{"rendered":"Edenhof golf &#038; restaurang"},"content":{"rendered":"<p><span style=\"color: #1c471c;\"><strong>Edenhof golfbana &#8211; En utmanande m\u00e4sterskapsbana och trivsam familjebana p\u00e5 samma anl\u00e4ggning<\/strong><\/span><\/p>\n<p>Banan har m\u00e4sterskapskarakt\u00e4r och h\u00e5ller h\u00f6g kvalitet och klass. Den v\u00e4lrenommerade golfbanearkitekten Sune Linde har skapat de 18 h\u00e5len och med de stora ondulerade greenerna s\u00e5 \u00e4r banan en pr\u00f6vning f\u00f6r nyb\u00f6rjaren som s\u00e5v\u00e4l den mer avancerade spelaren. De fyra konstverken av Oscar Reutersw\u00e4rd f\u00f6rh\u00f6jer naturupplevelsen ytterligare.<\/p>\n<p>Banan med sina totalt 27 h\u00e5l byggdes av Mathias von Engestr\u00f6m och invigdes 1991.\u00a0Sedan 2006 drivs den i samarbete med\u00a0<a href=\"http:\/\/www.golfuppsala.se\/\" target=\"_blank\" rel=\"noopener\">Golf Uppsala<\/a>. Banan rankades 2009 och 2010 av Golf Digest som Upplands fj\u00e4rde b\u00e4sta bana.<\/p>\n<p>F\u00f6lj g\u00e4rna med p\u00e5 en tur p\u00e5 banan <a href=\"https:\/\/vimeo.com\/manage\/videos\/703177251\" target=\"_blank\" rel=\"noopener\">h\u00e4r<\/a>.<\/p>\n<p>2022 arrangeras h\u00e4r en delt\u00e4vling p\u00e5 LETAS, undertouren till damernas Europatour.<br \/>\n<!--more--><\/p>\n<p><img decoding=\"async\" loading=\"lazy\" class=\"alignnone  wp-image-1501\" src=\"http:\/\/kiplingeberg.se\/wp-content\/uploads\/Edenhof_22_oversikt-300x205.png\" alt=\"\" width=\"683\" height=\"467\" srcset=\"https:\/\/kiplingeberg.se\/wp-content\/uploads\/Edenhof_22_oversikt-300x205.png 300w, https:\/\/kiplingeberg.se\/wp-content\/uploads\/Edenhof_22_oversikt-768x524.png 768w, https:\/\/kiplingeberg.se\/wp-content\/uploads\/Edenhof_22_oversikt-1200x819.png 1200w\" sizes=\"(max-width: 683px) 100vw, 683px\" \/><\/p>\n<p><span class=\"text_exposed_show\">Klubbhuset ritades av Janica Wiklander och invigdes 2007. Det \u00e4r helt kl\u00e4tt i l\u00e4rk och sm\u00e4lter v\u00e4l in i den omgivande naturen.\u00a0<\/span><\/p>\n<p>I klubbhuset hittar du en trevlig restaurang. H\u00e4r \u00e4r alla v\u00e4lkomna, b\u00e5de golfare och de som bara vill \u00e4ta en bit mat eller ta en kaffe i en natursk\u00f6n omgivning.<\/p>\n","protected":false},"excerpt":{"rendered":"<p class=\"excerpt\">Edenhof golfbana &#8211; En utmanande m\u00e4sterskapsbana och trivsam familjebana p\u00e5 samma anl\u00e4ggning Banan har m\u00e4sterskapskarakt\u00e4r och h\u00e5ller h\u00f6g kvalitet och klass. Den v\u00e4lrenommerade golfbanearkitekten Sune Linde har skapat de 18 h\u00e5len och med de stora ondulerade greenerna s\u00e5 \u00e4r banan en pr\u00f6vning f\u00f6r nyb\u00f6rjaren som s\u00e5v\u00e4l den mer avancerade spelaren. De fyra konstverken av Oscar Reutersw\u00e4rd f\u00f6rh\u00f6jer naturupplevelsen ytterligare. Banan&hellip;<\/p>\n<p class=\"more-link-p\"><a class=\"btn btn-default\" href=\"https:\/\/kiplingeberg.se\/?page_id=18\">Read more<\/a><\/p>\n","protected":false},"author":1,"featured_media":0,"parent":0,"menu_order":0,"comment_status":"closed","ping_status":"closed","template":"page-custom.php","meta":[],"_links":{"self":[{"href":"https:\/\/kiplingeberg.se\/index.php?rest_route=\/wp\/v2\/pages\/18"}],"collection":[{"href":"https:\/\/kiplingeberg.se\/index.php?rest_route=\/wp\/v2\/pages"}],"about":[{"href":"https:\/\/kiplingeberg.se\/index.php?rest_route=\/wp\/v2\/types\/page"}],"author":[{"embeddable":true,"href":"https:\/\/kiplingeberg.se\/index.php?rest_route=\/wp\/v2\/users\/1"}],"replies":[{"embeddable":true,"href":"https:\/\/kiplingeberg.se\/index.php?rest_route=%2Fwp%2Fv2%2Fcomments&post=18"}],"version-history":[{"count":28,"href":"https:\/\/kiplingeberg.se\/index.php?rest_route=\/wp\/v2\/pages\/18\/revisions"}],"predecessor-version":[{"id":1502,"href":"https:\/\/kiplingeberg.se\/index.php?rest_route=\/wp\/v2\/pages\/18\/revisions\/1502"}],"wp:attachment":[{"href":"https:\/\/kiplingeberg.se\/index.php?rest_route=%2Fwp%2Fv2%2Fmedia&parent=18"}],"curies":[{"name":"wp","href":"https:\/\/api.w.org\/{rel}","templated":true}]}}