{"id":20,"date":"2015-01-22T10:13:07","date_gmt":"2015-01-22T10:13:07","guid":{"rendered":"http:\/\/tornmarck.com\/wordpress\/?page_id=20"},"modified":"2026-03-11T13:55:45","modified_gmt":"2026-03-11T13:55:45","slug":"hast","status":"publish","type":"page","link":"https:\/\/kiplingeberg.se\/?page_id=20","title":{"rendered":"Ridsportanl\u00e4ggningar"},"content":{"rendered":"\n<p>Till egendomen h\u00f6r Bemersberg, Kiplingeberg och Gull\u00f6gla ridsportanl\u00e4ggningar.<\/p>\n\n\n\n<p><strong><em>Bemersberg<\/em><\/strong><\/p>\n\n\n\n<p>Bemersbergs s\u00e4teri, mellan B\u00e4linge och Skuttunge, har tidigare \u00e4gts av Axel Oxenstierna och fick sitt namn i mitten av 1600-talet av d\u00e5varande \u00e4garen Daniel Behmer. 1751 k\u00f6pte statssekreteraren Mathias Benzelstierna s\u00e4teriet och 1791 blev det del av Kiplingeberg fideikommiss. P\u00e5 Bemersberg finns idag tv\u00e5 stall, magasin, ridhus, uteridbana, ovalbana och rakbana samt tillg\u00e5ng till fina ridv\u00e4gar.<\/p>\n\n\n\n<p>Sedan 1 juli 2020 arrenderas Bemersberg ridsportanl\u00e4ggning av Hammarbyh\u00e4star med Anne Fornstedt och Andreas Hofmann i spetsen, b\u00e5da k\u00e4nda profiler i islandsh\u00e4stv\u00e4rlden. P\u00e5 Bemersberg erbjuder de det mesta f\u00f6r dig och din islandsh\u00e4st; privat- och\/eller grupptr\u00e4ning, ridskola, tillridning, inackordering (uppst\u00e4llning och\/eller l\u00f6sdrift) liksom f\u00f6rmedling vid k\u00f6p och f\u00f6rs\u00e4ljning. L\u00e4s g\u00e4rna mer om Hammarbyh\u00e4stars verksamhet p\u00e5 <a href=\"http:\/\/www.hammarbyh\u00e4star.se\" target=\"_blank\" rel=\"noopener\">www.hammarbyh\u00e4star.se<\/a>.<\/p>\n\n\n\n<figure class=\"wp-block-gallery has-nested-images columns-3 is-cropped wp-block-gallery-1 is-layout-flex\">\n<figure class=\"wp-block-image size-large\"><img decoding=\"async\" loading=\"lazy\" width=\"1200\" height=\"996\" data-id=\"1207\"  src=\"https:\/\/kiplingeberg.se\/wp-content\/uploads\/AF-AH-1200x996.jpg\" alt=\"\" class=\"wp-image-1207\" srcset=\"https:\/\/kiplingeberg.se\/wp-content\/uploads\/AF-AH-1200x996.jpg 1200w, https:\/\/kiplingeberg.se\/wp-content\/uploads\/AF-AH-300x249.jpg 300w, https:\/\/kiplingeberg.se\/wp-content\/uploads\/AF-AH-768x637.jpg 768w\" sizes=\"(max-width: 1200px) 100vw, 1200px\" \/><\/figure>\n\n\n\n<figure class=\"wp-block-image size-large\"><img decoding=\"async\" loading=\"lazy\" width=\"1200\" height=\"700\" data-id=\"1204\"  src=\"https:\/\/kiplingeberg.se\/wp-content\/uploads\/fullsizeoutput_57cb-1200x700.jpeg\" alt=\"\" class=\"wp-image-1204\" srcset=\"https:\/\/kiplingeberg.se\/wp-content\/uploads\/fullsizeoutput_57cb-1200x700.jpeg 1200w, https:\/\/kiplingeberg.se\/wp-content\/uploads\/fullsizeoutput_57cb-300x175.jpeg 300w, https:\/\/kiplingeberg.se\/wp-content\/uploads\/fullsizeoutput_57cb-768x448.jpeg 768w\" sizes=\"(max-width: 1200px) 100vw, 1200px\" \/><\/figure>\n\n\n\n<figure class=\"wp-block-image size-large\"><img decoding=\"async\" loading=\"lazy\" width=\"960\" height=\"696\" data-id=\"1212\"  src=\"https:\/\/kiplingeberg.se\/wp-content\/uploads\/88a374b2-c10b-48c6-9fea-bffbdc566852.jpg\" alt=\"\" class=\"wp-image-1212\" srcset=\"https:\/\/kiplingeberg.se\/wp-content\/uploads\/88a374b2-c10b-48c6-9fea-bffbdc566852.jpg 960w, https:\/\/kiplingeberg.se\/wp-content\/uploads\/88a374b2-c10b-48c6-9fea-bffbdc566852-300x218.jpg 300w, https:\/\/kiplingeberg.se\/wp-content\/uploads\/88a374b2-c10b-48c6-9fea-bffbdc566852-768x557.jpg 768w\" sizes=\"(max-width: 960px) 100vw, 960px\" \/><\/figure>\n\n\n\n<figure class=\"wp-block-image size-large\"><img decoding=\"async\" loading=\"lazy\" width=\"480\" height=\"374\" data-id=\"1213\"  src=\"https:\/\/kiplingeberg.se\/wp-content\/uploads\/d22689a8-9697-4209-a8fa-42e126fbb839.jpg\" alt=\"\" class=\"wp-image-1213\" srcset=\"https:\/\/kiplingeberg.se\/wp-content\/uploads\/d22689a8-9697-4209-a8fa-42e126fbb839.jpg 480w, https:\/\/kiplingeberg.se\/wp-content\/uploads\/d22689a8-9697-4209-a8fa-42e126fbb839-300x234.jpg 300w\" sizes=\"(max-width: 480px) 100vw, 480px\" \/><\/figure>\n\n\n\n<figure class=\"wp-block-image size-large\"><img decoding=\"async\" loading=\"lazy\" width=\"1200\" height=\"847\" data-id=\"1215\"  src=\"https:\/\/kiplingeberg.se\/wp-content\/uploads\/9f9046fd-f730-4b4e-9954-301771749432-1200x847.jpg\" alt=\"\" class=\"wp-image-1215\" srcset=\"https:\/\/kiplingeberg.se\/wp-content\/uploads\/9f9046fd-f730-4b4e-9954-301771749432-1200x847.jpg 1200w, https:\/\/kiplingeberg.se\/wp-content\/uploads\/9f9046fd-f730-4b4e-9954-301771749432-300x212.jpg 300w, https:\/\/kiplingeberg.se\/wp-content\/uploads\/9f9046fd-f730-4b4e-9954-301771749432-768x542.jpg 768w\" sizes=\"(max-width: 1200px) 100vw, 1200px\" \/><\/figure>\n\n\n\n<figure class=\"wp-block-image size-large\"><img decoding=\"async\" loading=\"lazy\" width=\"1200\" height=\"864\" data-id=\"1214\"  src=\"https:\/\/kiplingeberg.se\/wp-content\/uploads\/a4e08d44-b611-421a-920f-47b8b3148a68-1200x864.jpg\" alt=\"\" class=\"wp-image-1214\" srcset=\"https:\/\/kiplingeberg.se\/wp-content\/uploads\/a4e08d44-b611-421a-920f-47b8b3148a68-1200x864.jpg 1200w, https:\/\/kiplingeberg.se\/wp-content\/uploads\/a4e08d44-b611-421a-920f-47b8b3148a68-300x216.jpg 300w, https:\/\/kiplingeberg.se\/wp-content\/uploads\/a4e08d44-b611-421a-920f-47b8b3148a68-768x553.jpg 768w, https:\/\/kiplingeberg.se\/wp-content\/uploads\/a4e08d44-b611-421a-920f-47b8b3148a68.jpg 2048w\" sizes=\"(max-width: 1200px) 100vw, 1200px\" \/><\/figure>\n<\/figure>\n\n\n\n<p><em><span class=\"s1\"><b>Kiplingeberg<\/b><\/span><\/em><\/p>\n\n\n\n<p><span class=\"s1\">P\u00e5 Kiplingeberg finns ett mindre stall f\u00f6r islandsh\u00e4star; stora l\u00f6sdrifter med ligghallar och thermobar, tillg\u00e5ng till box, uppv\u00e4rmd sadelkammare, fikarum, belyst ridbana (20 x 40 m) och fantastiska ridv\u00e4gar.<\/span><\/p>\n\n\n\n<p><span class=\"s1\">F\u00f6r dig som s\u00f6ker b\u00e5de boende och stallplats\/l\u00f6sdrift finns tidvis \u00e4ven m\u00f6jligheter till detta. Se mer under&nbsp;<a href=\"http:\/\/kiplingeberg.se\/wp-admin\/post.php?post=112&amp;action=edit\" target=\"_blank\" rel=\"noopener\">Fastigheter &amp; Byggnadsv\u00e5rd \/ Hyra bostad<\/a>&nbsp;d\u00e4r vi l\u00f6pande l\u00e4gger ut lediga hus.<\/span><\/p>\n\n\n\n<p><span class=\"s1\">Kontakta g\u00e4rna mig f\u00f6r mer info. \/ Liza von Engestr\u00f6m, <a href=\"mailto:liza@kiplingeberg.se\">liza@kiplingeberg.se<\/a><\/span><\/p>\n\n\n\n<figure class=\"wp-block-gallery has-nested-images columns-3 is-cropped wp-block-gallery-3 is-layout-flex\">\n<figure class=\"wp-block-image size-large\"><img decoding=\"async\" loading=\"lazy\" width=\"1200\" height=\"800\" data-id=\"1172\"  src=\"https:\/\/kiplingeberg.se\/wp-content\/uploads\/IMG_7383-2-1200x800.jpg\" alt=\"\" class=\"wp-image-1172\" srcset=\"https:\/\/kiplingeberg.se\/wp-content\/uploads\/IMG_7383-2-1200x800.jpg 1200w, https:\/\/kiplingeberg.se\/wp-content\/uploads\/IMG_7383-2-331x220.jpg 331w, https:\/\/kiplingeberg.se\/wp-content\/uploads\/IMG_7383-2-300x200.jpg 300w, https:\/\/kiplingeberg.se\/wp-content\/uploads\/IMG_7383-2-768x512.jpg 768w\" sizes=\"(max-width: 1200px) 100vw, 1200px\" \/><\/figure>\n\n\n\n<figure class=\"wp-block-image size-large\"><img decoding=\"async\" loading=\"lazy\" width=\"1200\" height=\"900\" data-id=\"1165\"  src=\"https:\/\/kiplingeberg.se\/wp-content\/uploads\/cCDKONdlTa6jkXRoGGF12g-1200x900.jpg\" alt=\"\" class=\"wp-image-1165\" srcset=\"https:\/\/kiplingeberg.se\/wp-content\/uploads\/cCDKONdlTa6jkXRoGGF12g-1200x900.jpg 1200w, https:\/\/kiplingeberg.se\/wp-content\/uploads\/cCDKONdlTa6jkXRoGGF12g-300x225.jpg 300w, https:\/\/kiplingeberg.se\/wp-content\/uploads\/cCDKONdlTa6jkXRoGGF12g-768x576.jpg 768w\" sizes=\"(max-width: 1200px) 100vw, 1200px\" \/><\/figure>\n\n\n\n<figure class=\"wp-block-image size-large\"><img decoding=\"async\" loading=\"lazy\" width=\"1200\" height=\"900\" data-id=\"1166\"  src=\"https:\/\/kiplingeberg.se\/wp-content\/uploads\/6ljkEJYCQiTJTM5dlXbJw-1200x900.jpg\" alt=\"\" class=\"wp-image-1166\" srcset=\"https:\/\/kiplingeberg.se\/wp-content\/uploads\/6ljkEJYCQiTJTM5dlXbJw-1200x900.jpg 1200w, https:\/\/kiplingeberg.se\/wp-content\/uploads\/6ljkEJYCQiTJTM5dlXbJw-300x225.jpg 300w, https:\/\/kiplingeberg.se\/wp-content\/uploads\/6ljkEJYCQiTJTM5dlXbJw-768x576.jpg 768w\" sizes=\"(max-width: 1200px) 100vw, 1200px\" \/><\/figure>\n\n\n\n<figure class=\"wp-block-image size-large\"><img decoding=\"async\" loading=\"lazy\" width=\"1200\" height=\"900\" data-id=\"1230\"  src=\"https:\/\/kiplingeberg.se\/wp-content\/uploads\/75m4Bh5WR7uupT1JAiXUvQ-e1600774467267-1200x900.jpg\" alt=\"\" class=\"wp-image-1230\" srcset=\"https:\/\/kiplingeberg.se\/wp-content\/uploads\/75m4Bh5WR7uupT1JAiXUvQ-e1600774467267-1200x900.jpg 1200w, https:\/\/kiplingeberg.se\/wp-content\/uploads\/75m4Bh5WR7uupT1JAiXUvQ-e1600774467267-300x225.jpg 300w, https:\/\/kiplingeberg.se\/wp-content\/uploads\/75m4Bh5WR7uupT1JAiXUvQ-e1600774467267-768x576.jpg 768w\" sizes=\"(max-width: 1200px) 100vw, 1200px\" \/><\/figure>\n\n\n\n<figure class=\"wp-block-image size-large\"><img decoding=\"async\" loading=\"lazy\" width=\"1200\" height=\"741\" data-id=\"1222\"  src=\"https:\/\/kiplingeberg.se\/wp-content\/uploads\/THAXjGPYQCmmpswykzPNWQ-1200x741.jpg\" alt=\"\" class=\"wp-image-1222\" srcset=\"https:\/\/kiplingeberg.se\/wp-content\/uploads\/THAXjGPYQCmmpswykzPNWQ-1200x741.jpg 1200w, https:\/\/kiplingeberg.se\/wp-content\/uploads\/THAXjGPYQCmmpswykzPNWQ-300x185.jpg 300w, https:\/\/kiplingeberg.se\/wp-content\/uploads\/THAXjGPYQCmmpswykzPNWQ-768x474.jpg 768w\" sizes=\"(max-width: 1200px) 100vw, 1200px\" \/><\/figure>\n<\/figure>\n\n\n\n<p><strong><em>Gull\u00f6gla&nbsp;<\/em><\/strong><\/p>\n\n\n\n<p>I Gullbacken p\u00e5 Gull\u00f6gla g\u00e5rd, alldeles norr om Edenhof golfbana, s\u00e4gs det att trollen ruvar p\u00e5 en guldskatt som kommer fram n\u00e4r det \u00e4r fullm\u00e5ne.&nbsp;Namnet Gull\u00f6gla h\u00e4rstammar just fr\u00e5n guldskatten.<\/p>\n\n\n\n<p>I n\u00e4romr\u00e5det hittar man \u00e4ven V\u00e4sterboda Islandsh\u00e4star (<a href=\"https:\/\/www.facebook.com\/profile.php?id=100057476138152\">Facebook \/ V\u00e4sterboda g\u00e5rd<\/a>), Agersta med ridsportbutik (<a href=\"http:\/\/www.agersta.se\" target=\"_blank\" rel=\"noopener\">www.agersta.se<\/a>) och Tunabanan (<a href=\"http:\/\/www.freyfaxi.com\" target=\"_blank\" rel=\"noopener\">www.freyfaxi.com<\/a>).<\/p>\n","protected":false},"excerpt":{"rendered":"<p class=\"excerpt\">Till egendomen h\u00f6r Bemersberg, Kiplingeberg och Gull\u00f6gla ridsportanl\u00e4ggningar. Bemersberg Bemersbergs s\u00e4teri, mellan B\u00e4linge och Skuttunge, har tidigare \u00e4gts av Axel Oxenstierna och fick sitt namn i mitten av 1600-talet av d\u00e5varande \u00e4garen Daniel Behmer. 1751 k\u00f6pte statssekreteraren Mathias Benzelstierna s\u00e4teriet och 1791 blev det del av Kiplingeberg fideikommiss. P\u00e5 Bemersberg finns idag tv\u00e5 stall, magasin, ridhus, uteridbana, ovalbana och rakbana&hellip;<\/p>\n<p class=\"more-link-p\"><a class=\"btn btn-default\" href=\"https:\/\/kiplingeberg.se\/?page_id=20\">Read more<\/a><\/p>\n","protected":false},"author":1,"featured_media":1044,"parent":0,"menu_order":0,"comment_status":"closed","ping_status":"closed","template":"page-custom.php","meta":[],"_links":{"self":[{"href":"https:\/\/kiplingeberg.se\/index.php?rest_route=\/wp\/v2\/pages\/20"}],"collection":[{"href":"https:\/\/kiplingeberg.se\/index.php?rest_route=\/wp\/v2\/pages"}],"about":[{"href":"https:\/\/kiplingeberg.se\/index.php?rest_route=\/wp\/v2\/types\/page"}],"author":[{"embeddable":true,"href":"https:\/\/kiplingeberg.se\/index.php?rest_route=\/wp\/v2\/users\/1"}],"replies":[{"embeddable":true,"href":"https:\/\/kiplingeberg.se\/index.php?rest_route=%2Fwp%2Fv2%2Fcomments&post=20"}],"version-history":[{"count":36,"href":"https:\/\/kiplingeberg.se\/index.php?rest_route=\/wp\/v2\/pages\/20\/revisions"}],"predecessor-version":[{"id":1783,"href":"https:\/\/kiplingeberg.se\/index.php?rest_route=\/wp\/v2\/pages\/20\/revisions\/1783"}],"wp:featuredmedia":[{"embeddable":true,"href":"https:\/\/kiplingeberg.se\/index.php?rest_route=\/wp\/v2\/media\/1044"}],"wp:attachment":[{"href":"https:\/\/kiplingeberg.se\/index.php?rest_route=%2Fwp%2Fv2%2Fmedia&parent=20"}],"curies":[{"name":"wp","href":"https:\/\/api.w.org\/{rel}","templated":true}]}}