{"id":226,"date":"2015-02-18T09:36:00","date_gmt":"2015-02-18T09:36:00","guid":{"rendered":"http:\/\/tornmarck.com\/wordpress\/?page_id=226"},"modified":"2025-10-15T13:05:37","modified_gmt":"2025-10-15T13:05:37","slug":"bemersberg-ridanlaggning","status":"publish","type":"page","link":"https:\/\/kiplingeberg.se\/?page_id=226","title":{"rendered":"H\u00e4star p\u00e5 g\u00e5rden"},"content":{"rendered":"<div>P\u00e5 Kiplingeberg &#8211; liksom p\u00e5 m\u00e5nga andra g\u00e5rdar &#8211; har det funnits stall och h\u00e4star i alla tider. F\u00f6rr var det h\u00e4starna som var stordragarna i skogen och p\u00e5 \u00e5krarna. Idag har traktorer, skogsmaskiner och terr\u00e4ngfordon i m\u00e5ngt och mycket tagit \u00f6ver, men h\u00e4starna finns kvar \u00e4nd\u00e5 &#8211; fast med andra arbetsuppgifter: nu gl\u00e4der de generation efter generation av ridskoleelever och ryttare ist\u00e4llet! Vi f\u00f6rs\u00f6ker \u00e4ven att anv\u00e4nda g\u00e5rdens egna h\u00e4star som alternativ till motordrivna fordon f\u00f6r transport i skog och mark.<\/div>\n","protected":false},"excerpt":{"rendered":"<p class=\"excerpt\">P\u00e5 Kiplingeberg har det &#8211; liksom p\u00e5 de flesta g\u00e5rdar &#8211; funnits stall och h\u00e4star i alla tider. <\/p>\n<p class=\"more-link-p\"><a class=\"btn btn-default\" href=\"https:\/\/kiplingeberg.se\/?page_id=226\">Read more<\/a><\/p>\n","protected":false},"author":2,"featured_media":693,"parent":20,"menu_order":0,"comment_status":"closed","ping_status":"closed","template":"","meta":[],"_links":{"self":[{"href":"https:\/\/kiplingeberg.se\/index.php?rest_route=\/wp\/v2\/pages\/226"}],"collection":[{"href":"https:\/\/kiplingeberg.se\/index.php?rest_route=\/wp\/v2\/pages"}],"about":[{"href":"https:\/\/kiplingeberg.se\/index.php?rest_route=\/wp\/v2\/types\/page"}],"author":[{"embeddable":true,"href":"https:\/\/kiplingeberg.se\/index.php?rest_route=\/wp\/v2\/users\/2"}],"replies":[{"embeddable":true,"href":"https:\/\/kiplingeberg.se\/index.php?rest_route=%2Fwp%2Fv2%2Fcomments&post=226"}],"version-history":[{"count":21,"href":"https:\/\/kiplingeberg.se\/index.php?rest_route=\/wp\/v2\/pages\/226\/revisions"}],"predecessor-version":[{"id":1742,"href":"https:\/\/kiplingeberg.se\/index.php?rest_route=\/wp\/v2\/pages\/226\/revisions\/1742"}],"up":[{"embeddable":true,"href":"https:\/\/kiplingeberg.se\/index.php?rest_route=\/wp\/v2\/pages\/20"}],"wp:featuredmedia":[{"embeddable":true,"href":"https:\/\/kiplingeberg.se\/index.php?rest_route=\/wp\/v2\/media\/693"}],"wp:attachment":[{"href":"https:\/\/kiplingeberg.se\/index.php?rest_route=%2Fwp%2Fv2%2Fmedia&parent=226"}],"curies":[{"name":"wp","href":"https:\/\/api.w.org\/{rel}","templated":true}]}}