{"id":267,"date":"2015-02-18T11:53:01","date_gmt":"2015-02-18T11:53:01","guid":{"rendered":"http:\/\/tornmarck.com\/wordpress\/?page_id=267"},"modified":"2024-11-13T11:57:20","modified_gmt":"2024-11-13T11:57:20","slug":"jordbruk","status":"publish","type":"page","link":"https:\/\/kiplingeberg.se\/?page_id=267","title":{"rendered":"Jordbruk"},"content":{"rendered":"<p>Till Kiplingeberg och underliggande g\u00e5rdar h\u00f6r ca 500 hektar \u00e5kermark som fyller m\u00e5nga funktioner. P\u00e5 huvuddelen av de st\u00f6rre, sammanh\u00e4ngande f\u00e4lten odlas spannm\u00e5l, oljev\u00e4xter, \u00e4rtor och gr\u00e4sfr\u00f6. \u00a0Vallar och olika typer av remisser f\u00f6r viltfoder och skydd f\u00f6r sm\u00e5vilt finns \u00f6ver hela egendomen, liksom skyddszoner mot vattendrag. Under den senaste tio\u00e5rsperioden har 20 hektar avsatts f\u00f6r anl\u00e4ggande av fem nya v\u00e5tmarker. Dessa v\u00e5tmarker bidrar bland annat med vattenrening och \u00f6kad biologisk m\u00e5ngfald och \u00e4r ett mycket v\u00e4rdefullt inslag i odlingslandskapet.<\/p>\n<p>P\u00e5 ca 15 hektar odlas hybridasp och hybridpoppel, en investering i produktion av f\u00f6rnyelsebar energir\u00e5vara som \u00e4r delfinansierad av EU genom landsbygdsprogrammet.<\/p>\n<div><\/div>\n<div><span class=\"\"><span style=\"color: #008000;\"><b>T\u00e4ckdikning &#8211; f\u00f6r h\u00f6gre avkastning och l\u00e4gre milj\u00f6p\u00e5verkan<\/b><\/span>\u00a0<\/span><\/div>\n<div>\n<p class=\"\"><span class=\"\">N\u00e4r marken t\u00e4ckdikas s\u00e4nks grundvattenniv\u00e5n lokalt, vilket \u00f6kar markens m\u00f6jlighet att ta upp vatten vid intensiva och l\u00e5ngvariga regn. Genom b\u00e4ttre infiltrationskapacitet och markstruktur minskas risken f\u00f6r st\u00e5ende vatten, ytavrinning och erosion, vilket minskar risken f\u00f6r n\u00e4ringsf\u00f6rluster fr\u00e5n f\u00e4lten. Torrare jord f\u00e5r en stabilare struktur med b\u00e4ttre f\u00f6rm\u00e5ga att b\u00e4ra tunga maskiner utan att riskera markpackningsskador. Jordbearbetning och s\u00e5dd blir l\u00e4ttare och kan utf\u00f6ras tidigare, vilket f\u00f6rl\u00e4nger odlingss\u00e4songen och s\u00e4nker br\u00e4nslef\u00f6rbrukningen. Gr\u00f6dan f\u00e5r ett st\u00f6rre och mer utvecklat rotsystem i ett v\u00e4ldr\u00e4nerat f\u00e4lt, vilket g\u00f6r att den binder mer kol i marken, tar upp mer v\u00e4xtn\u00e4ring och l\u00e4ttare klarar en torrperiod. Detta h\u00f6jer avkastningen samtidigt som det minskar v\u00e4xtn\u00e4ringsf\u00f6rluster och \u00f6kar klimatnyttan i odlingen. Behovet av ogr\u00e4sbek\u00e4mpning minskar d\u00e5 en v\u00e4lutvecklad gr\u00f6da l\u00e4ttare konkurrerar mot ogr\u00e4s. Sammantaget ger t\u00e4ckdikning l\u00e4gre odlingsrisk, h\u00f6gre avkastning och minskad milj\u00f6- och klimatp\u00e5verkan per kilo producerad vara (k\u00e4lla: Jordbruksverket).\u00a0<\/span><\/p>\n<div>Stora delar av den \u00e5kermark som h\u00f6r till Kiplingeberg t\u00e4ckdikades i mitten av 1900-talet. Dessa system har gjort stor nytta under l\u00e5ng tid, men beh\u00f6ver nu bytas ut. 2021 t\u00e4ckdikades d\u00e4rf\u00f6r de 24 f\u00f6rsta hektaren i ett omfattande projekt f\u00f6r omt\u00e4ckdikning av \u00f6ver 250 hektar \u00e5kermark. Under 2023 t\u00e4ckdikades knappt 50 hektar och under 2024 n\u00e4stan 70 hektar. F\u00f6r 2025 och 2026 planeras t\u00e4ckdikning av ungef\u00e4r 60 hektar per \u00e5r.<\/div>\n<div><\/div>\n<div><\/div>\n<div><\/div>\n<div>Till och med 2024 \u00e4r drygt fem miljoner kronor investerade i omt\u00e4ckdikning. Totalt ber\u00e4knas hela projektet kosta ungef\u00e4r 11 miljoner kronor.<\/div>\n<div><\/div>\n<div><\/div>\n<div>T\u00e4ckdikningen under 2023 och 2024 \u00e4r delfinansierad av Europeiska jordbruksfonden f\u00f6r landsbygdsutveckling.\u00a0T\u00e4ckdikningen under 2025 och 2026 kommer att ske med st\u00f6d av den strategiska planen f\u00f6r EU:s gemensamma jordbrukspolitik 2023-2027, som har som m\u00e5l att skapa bra f\u00f6ruts\u00e4ttningar att hantera de utmaningar som livsmedelssektorn och landsbygderna st\u00e5r inf\u00f6r, som klimatf\u00f6r\u00e4ndringar, hotad biologisk m\u00e5ngfald samt f\u00f6retagens l\u00f6nsamhet och konkurrenskraft.<\/div>\n<\/div>\n<div><\/div>\n<div><img decoding=\"async\" loading=\"lazy\" class=\"alignnone size-medium wp-image-1665\" src=\"http:\/\/kiplingeberg.se\/wp-content\/uploads\/Bild-2024-11-13-kl.-12.54-300x286.jpeg\" alt=\"\" width=\"300\" height=\"286\" srcset=\"https:\/\/kiplingeberg.se\/wp-content\/uploads\/Bild-2024-11-13-kl.-12.54-300x286.jpeg 300w, https:\/\/kiplingeberg.se\/wp-content\/uploads\/Bild-2024-11-13-kl.-12.54.jpeg 709w\" sizes=\"(max-width: 300px) 100vw, 300px\" \/><img decoding=\"async\" loading=\"lazy\" class=\"alignnone  wp-image-1660\" src=\"http:\/\/kiplingeberg.se\/wp-content\/uploads\/Medfinansieras-av-Europeiska-unionen_POS-296x300.jpg\" alt=\"\" width=\"357\" height=\"362\" srcset=\"https:\/\/kiplingeberg.se\/wp-content\/uploads\/Medfinansieras-av-Europeiska-unionen_POS-296x300.jpg 296w, https:\/\/kiplingeberg.se\/wp-content\/uploads\/Medfinansieras-av-Europeiska-unionen_POS-768x778.jpg 768w, https:\/\/kiplingeberg.se\/wp-content\/uploads\/Medfinansieras-av-Europeiska-unionen_POS.jpg 910w\" sizes=\"(max-width: 357px) 100vw, 357px\" \/><\/div>\n<p>&nbsp;<\/p>\n<div>\n<h4><span style=\"color: #008000;\"><strong>Driftbolag Kiptuna A<span style=\"color: #008000;\">B<\/span><\/strong><\/span><\/h4>\n<\/div>\n<div class=\"\"><span class=\"\">Sedan 2016 drivs v\u00e4xtodlingen i Kiptuna AB, som \u00e4gs gemensamt med S\u00e4tuna AB i Bj\u00f6rklinge. <\/span><span style=\"font-size: 16px;\">Kiptuna AB bedriver v\u00e4xtodling p\u00e5 knappt 1400 hektar prima uppl\u00e4ndska jordar. Det\u00a0\u00f6vergripande m\u00e5let med Kiptunas verksamhet \u00e4r att med god ekonomisk avkastning\u00a0bruka jorden p\u00e5 ett s\u00e5dant s\u00e4tt\u00a0att\u00a0markens avkastningsf\u00f6rm\u00e5ga l\u00e5ngsiktigt st\u00e4rks samtidigt som dess\u00a0natur- och\u00a0kulturv\u00e4rden v\u00e4rnas.\u00a0<\/span><span class=\"\" style=\"font-size: 16px;\">En sund ekonomi<\/span><span class=\"\" style=\"font-size: 16px;\">\u00a0<\/span><span class=\"\" style=\"font-size: 16px;\">och ett h\u00e5llbart resursutnyttjande \u00e4r tv\u00e5<\/span><span class=\"\" style=\"font-size: 16px;\">\u00a0<\/span><span class=\"\" style=\"font-size: 16px;\">grundf\u00f6ruts\u00e4ttningar f\u00f6r att vi ska vara<\/span><span class=\"\" style=\"font-size: 16px;\">\u00a0<\/span><span class=\"\" style=\"font-size: 16px;\">framg\u00e5ngsrika l\u00e5ngsiktigt. Verksamheten m\u00e5ste<\/span><span class=\"\" style=\"font-size: 16px;\">\u00a0<\/span><span class=\"\" style=\"font-size: 16px;\">d\u00e4rf\u00f6r<\/span><span class=\"\" style=\"font-size: 16px;\">\u00a0<\/span><span class=\"\" style=\"font-size: 16px;\">pr\u00e4glas av en str\u00e4van efter st\u00e4ndig utveckling och<\/span><span class=\"\" style=\"font-size: 16px;\">\u00a0<\/span><span class=\"\" style=\"font-size: 16px;\">f\u00f6rb\u00e4ttring d\u00e4r v\u00e5ra<\/span><span style=\"font-size: 16px;\">\u00a0stordriftsf\u00f6rdelar ska nyttjas f\u00f6r att uppn\u00e5 god l\u00f6nsamhet och l\u00e4gsta m\u00f6jliga milj\u00f6belastning som teknik och\u00a0ekonomiska\u00a0f\u00f6ruts\u00e4ttningar medger.<\/span><\/div>\n<div>\n<div class=\"\">\n<p class=\"\"><span class=\"\">VD f\u00f6r Kiptuna AB \u00e4r\u00a0<a title=\"Kontakt\" href=\"http:\/\/kiplingeberg.se\/?page_id=4\">Andreas Gryb\u00e4ck<\/a>.\u00a0<\/span><\/p>\n<p class=\"\">Driftledare \u00e4r viltm\u00e4stare och lantm\u00e4stare <a title=\"Kontakt\" href=\"http:\/\/kiplingeberg.se\/?page_id=4\">Michael Johansson.<\/a><\/p>\n<p>Vill du se hur det g\u00e5r till n\u00e4r vi s\u00e5r med en av v\u00e5ra banddrivna John Deere-traktorer? Titta d\u00e5 g\u00e4rna p\u00e5 filmen fr\u00e5n <a href=\"https:\/\/www.youtube.com\/watch?v=8KovrO2oc2M\" target=\"_blank\" rel=\"noopener\">Traktor Power<\/a>\u00a0som gjordes under v\u00e5rbruket 2023.<\/p>\n<\/div>\n<\/div>\n","protected":false},"excerpt":{"rendered":"<p class=\"excerpt\">Till Kiplingeberg och underliggande g\u00e5rdar h\u00f6r ca 500 hektar \u00e5kermark som fyller m\u00e5nga funktioner. P\u00e5 huvuddelen av de st\u00f6rre, sammanh\u00e4ngande f\u00e4lten odlas spannm\u00e5l, oljev\u00e4xter, \u00e4rtor och gr\u00e4sfr\u00f6. \u00a0Vallar och olika typer av remisser f\u00f6r viltfoder och skydd f\u00f6r sm\u00e5vilt finns \u00f6ver hela egendomen, liksom skyddszoner mot vattendrag. Under den senaste tio\u00e5rsperioden har 20 hektar avsatts f\u00f6r anl\u00e4ggande av fem nya&hellip;<\/p>\n<p class=\"more-link-p\"><a class=\"btn btn-default\" href=\"https:\/\/kiplingeberg.se\/?page_id=267\">Read more<\/a><\/p>\n","protected":false},"author":2,"featured_media":0,"parent":0,"menu_order":0,"comment_status":"closed","ping_status":"closed","template":"page-custom.php","meta":[],"_links":{"self":[{"href":"https:\/\/kiplingeberg.se\/index.php?rest_route=\/wp\/v2\/pages\/267"}],"collection":[{"href":"https:\/\/kiplingeberg.se\/index.php?rest_route=\/wp\/v2\/pages"}],"about":[{"href":"https:\/\/kiplingeberg.se\/index.php?rest_route=\/wp\/v2\/types\/page"}],"author":[{"embeddable":true,"href":"https:\/\/kiplingeberg.se\/index.php?rest_route=\/wp\/v2\/users\/2"}],"replies":[{"embeddable":true,"href":"https:\/\/kiplingeberg.se\/index.php?rest_route=%2Fwp%2Fv2%2Fcomments&post=267"}],"version-history":[{"count":36,"href":"https:\/\/kiplingeberg.se\/index.php?rest_route=\/wp\/v2\/pages\/267\/revisions"}],"predecessor-version":[{"id":1666,"href":"https:\/\/kiplingeberg.se\/index.php?rest_route=\/wp\/v2\/pages\/267\/revisions\/1666"}],"wp:attachment":[{"href":"https:\/\/kiplingeberg.se\/index.php?rest_route=%2Fwp%2Fv2%2Fmedia&parent=267"}],"curies":[{"name":"wp","href":"https:\/\/api.w.org\/{rel}","templated":true}]}}