{"id":4,"date":"2015-01-22T10:11:22","date_gmt":"2015-01-22T10:11:22","guid":{"rendered":"http:\/\/tornmarck.com\/wordpress\/?page_id=4"},"modified":"2023-11-19T16:26:09","modified_gmt":"2023-11-19T16:26:09","slug":"kontakt","status":"publish","type":"page","link":"https:\/\/kiplingeberg.se\/?page_id=4","title":{"rendered":"Kontakt"},"content":{"rendered":"<h4><span style=\"color: #003366;\"><strong>F\u00f6retagsledning<\/strong><\/span><\/h4>\n<p><img decoding=\"async\" loading=\"lazy\" class=\"alignnone wp-image-1580 size-medium\" src=\"http:\/\/kiplingeberg.se\/wp-content\/uploads\/EA0D0ADF-F7EE-408A-B5BB-A1D5559827EB_1_105_c-225x300.jpeg\" alt=\"\" width=\"225\" height=\"300\" srcset=\"https:\/\/kiplingeberg.se\/wp-content\/uploads\/EA0D0ADF-F7EE-408A-B5BB-A1D5559827EB_1_105_c-225x300.jpeg 225w, https:\/\/kiplingeberg.se\/wp-content\/uploads\/EA0D0ADF-F7EE-408A-B5BB-A1D5559827EB_1_105_c.jpeg 768w\" sizes=\"(max-width: 225px) 100vw, 225px\" \/><\/p>\n<p>Jakob von Engestr\u00f6m<br \/>\nMobil: 070-745 50 44<br \/>\nE-post:\u00a0<a href=\"mailto:jakob.engestrom@kiplingeberg.se\">j<\/a><a href=\"mailto:jakob@kiplingeberg.se\" target=\"_blank\" rel=\"noopener\">akob@kiplingeberg.se<\/a><\/p>\n<p><img decoding=\"async\" loading=\"lazy\" class=\"alignnone wp-image-735 size-medium\" src=\"http:\/\/kiplingeberg.se\/wp-content\/uploads\/thumb_C2E2D687-64EA-4D03-ABA4-2560E891DB12_1024-300x249.jpg\" alt=\"\" width=\"300\" height=\"249\" srcset=\"https:\/\/kiplingeberg.se\/wp-content\/uploads\/thumb_C2E2D687-64EA-4D03-ABA4-2560E891DB12_1024-300x249.jpg 300w, https:\/\/kiplingeberg.se\/wp-content\/uploads\/thumb_C2E2D687-64EA-4D03-ABA4-2560E891DB12_1024.jpg 689w\" sizes=\"(max-width: 300px) 100vw, 300px\" \/><\/p>\n<p>Liza von Engestr\u00f6m<br \/>\nMobil: 070-745 50 43<br \/>\nE-post: <a href=\"mailto:liza@kiplingeberg.se\" target=\"_blank\" rel=\"noopener\">liza@kiplingeberg.se<\/a><\/p>\n<h4><span style=\"color: #003366;\"><strong>Fastighetsf\u00f6rvaltning &amp; byggnadsv\u00e5rd<br \/>\n<\/strong><\/span><\/h4>\n<p><a href=\"http:\/\/kiplingeberg.se\/wp-content\/uploads\/thumb_IMG_2953_10241.jpg\"><img decoding=\"async\" loading=\"lazy\" class=\"alignnone size-medium wp-image-734\" src=\"http:\/\/kiplingeberg.se\/wp-content\/uploads\/thumb_IMG_2953_10241-300x229.jpg\" alt=\"thumb_IMG_2953_1024\" width=\"300\" height=\"229\" srcset=\"https:\/\/kiplingeberg.se\/wp-content\/uploads\/thumb_IMG_2953_10241-300x229.jpg 300w, https:\/\/kiplingeberg.se\/wp-content\/uploads\/thumb_IMG_2953_10241.jpg 1001w\" sizes=\"(max-width: 300px) 100vw, 300px\" \/><\/a><\/p>\n<p>Maskinf\u00f6rare Ove Boman<span class=\"colLeft\"><br \/>\n<\/span><\/p>\n<p><img decoding=\"async\" loading=\"lazy\" class=\"alignnone size-medium wp-image-1582\" src=\"http:\/\/kiplingeberg.se\/wp-content\/uploads\/IMG_1716-300x225.jpeg\" alt=\"\" width=\"300\" height=\"225\" srcset=\"https:\/\/kiplingeberg.se\/wp-content\/uploads\/IMG_1716-300x225.jpeg 300w, https:\/\/kiplingeberg.se\/wp-content\/uploads\/IMG_1716-768x576.jpeg 768w, https:\/\/kiplingeberg.se\/wp-content\/uploads\/IMG_1716-1200x900.jpeg 1200w\" sizes=\"(max-width: 300px) 100vw, 300px\" \/><\/p>\n<p>Maskinf\u00f6rare Kevin \u00c5strand<\/p>\n<p><a href=\"http:\/\/kiplingeberg.se\/wp-content\/uploads\/IMG_7782.jpg\"><img decoding=\"async\" loading=\"lazy\" class=\"alignnone size-medium wp-image-864\" src=\"http:\/\/kiplingeberg.se\/wp-content\/uploads\/IMG_7782-300x225.jpg\" alt=\"IMG_7782\" width=\"300\" height=\"225\" srcset=\"https:\/\/kiplingeberg.se\/wp-content\/uploads\/IMG_7782-300x225.jpg 300w, https:\/\/kiplingeberg.se\/wp-content\/uploads\/IMG_7782-1200x900.jpg 1200w\" sizes=\"(max-width: 300px) 100vw, 300px\" \/><\/a><\/p>\n<p>Snickare Madars Freiverts<\/p>\n<p><a href=\"http:\/\/kiplingeberg.se\/wp-content\/uploads\/IMG_7785.jpg\"><img decoding=\"async\" loading=\"lazy\" class=\"alignnone size-medium wp-image-865\" src=\"http:\/\/kiplingeberg.se\/wp-content\/uploads\/IMG_7785-300x225.jpg\" alt=\"IMG_7785\" width=\"300\" height=\"225\" srcset=\"https:\/\/kiplingeberg.se\/wp-content\/uploads\/IMG_7785-300x225.jpg 300w, https:\/\/kiplingeberg.se\/wp-content\/uploads\/IMG_7785-1200x900.jpg 1200w\" sizes=\"(max-width: 300px) 100vw, 300px\" \/><\/a><\/p>\n<p>Snickare Madars Vanna<\/p>\n<p><img decoding=\"async\" loading=\"lazy\" class=\"alignnone  wp-image-1585\" src=\"http:\/\/kiplingeberg.se\/wp-content\/uploads\/IMG_8697-210x300.jpeg\" alt=\"\" width=\"231\" height=\"330\" srcset=\"https:\/\/kiplingeberg.se\/wp-content\/uploads\/IMG_8697-210x300.jpeg 210w, https:\/\/kiplingeberg.se\/wp-content\/uploads\/IMG_8697-768x1095.jpeg 768w, https:\/\/kiplingeberg.se\/wp-content\/uploads\/IMG_8697-842x1200.jpeg 842w\" sizes=\"(max-width: 231px) 100vw, 231px\" \/><\/p>\n<p>Aiva Bruna<br \/>\n<span class=\"colLeft\">Event<\/span><\/p>\n<p><img decoding=\"async\" loading=\"lazy\" class=\"alignnone size-medium wp-image-1377\" src=\"http:\/\/kiplingeberg.se\/wp-content\/uploads\/47129878_604208219996544_4643347435001741312_n-225x300.jpg\" alt=\"\" width=\"225\" height=\"300\" srcset=\"https:\/\/kiplingeberg.se\/wp-content\/uploads\/47129878_604208219996544_4643347435001741312_n-225x300.jpg 225w, https:\/\/kiplingeberg.se\/wp-content\/uploads\/47129878_604208219996544_4643347435001741312_n-768x1024.jpg 768w, https:\/\/kiplingeberg.se\/wp-content\/uploads\/47129878_604208219996544_4643347435001741312_n-900x1200.jpg 900w, https:\/\/kiplingeberg.se\/wp-content\/uploads\/47129878_604208219996544_4643347435001741312_n.jpg 1512w\" sizes=\"(max-width: 225px) 100vw, 225px\" \/><\/p>\n<p>Kulturm\u00e5lare Marie Gyllensvaan<br \/>\n<span class=\"colLeft\">V\u00e4sbylund Byggnadsv\u00e5rd &amp; G\u00e5rdsburik<br \/>\nMobil: 073-344 96 77\u202c\u202c<\/span><\/p>\n<h4><img decoding=\"async\" loading=\"lazy\" class=\"alignnone wp-image-1572\" style=\"font-family: 'Open Sans', sans-serif; font-size: 16px;\" src=\"http:\/\/kiplingeberg.se\/wp-content\/uploads\/IMG_6893-300x225.jpeg\" alt=\"\" width=\"228\" height=\"304\" \/><\/h4>\n<p>Kicki Forsman<br \/>\n<span class=\"colLeft\">V\u00e4sbylund Byggnadsv\u00e5rd &amp; G\u00e5rdsbutik<\/span><\/p>\n<h4><span style=\"color: #003366;\"><strong>Viltf\u00f6rvaltning &amp; jordbruk<br \/>\n<\/strong><\/span><\/h4>\n<p><img decoding=\"async\" loading=\"lazy\" class=\"alignnone wp-image-1578 size-medium\" src=\"http:\/\/kiplingeberg.se\/wp-content\/uploads\/71479780-7719-4A3B-B048-AFF923484FF2_1_105_c-300x289.jpeg\" alt=\"\" width=\"300\" height=\"289\" srcset=\"https:\/\/kiplingeberg.se\/wp-content\/uploads\/71479780-7719-4A3B-B048-AFF923484FF2_1_105_c-300x289.jpeg 300w, https:\/\/kiplingeberg.se\/wp-content\/uploads\/71479780-7719-4A3B-B048-AFF923484FF2_1_105_c-768x739.jpeg 768w, https:\/\/kiplingeberg.se\/wp-content\/uploads\/71479780-7719-4A3B-B048-AFF923484FF2_1_105_c.jpeg 962w\" sizes=\"(max-width: 300px) 100vw, 300px\" \/><\/p>\n<p>Viltm\u00e4stare &amp; lantm\u00e4stare Michael Johansson<br \/>\n<span class=\"colLeft\">Ansvarig f\u00f6r viltf\u00f6rvaltning samt operationell driftsledning jordbruk<\/span><\/p>\n<p><span class=\"colLeft\">Mobil: <\/span>070-991 71 78<br \/>\n<span class=\"colLeft\">E-post: <a href=\"mailto:michael@kiplingeberg.se\" target=\"_blank\" rel=\"noopener\">michael@kiplingeberg.se<\/a><\/span><\/p>\n<p><a href=\"http:\/\/kiplingeberg.se\/wp-content\/uploads\/IMG_8286-e1493729837781.jpg\"><img decoding=\"async\" loading=\"lazy\" class=\"alignnone size-medium wp-image-871\" src=\"http:\/\/kiplingeberg.se\/wp-content\/uploads\/IMG_8286-e1493729837781-300x236.jpg\" alt=\"IMG_8286\" width=\"300\" height=\"236\" srcset=\"https:\/\/kiplingeberg.se\/wp-content\/uploads\/IMG_8286-e1493729837781-300x236.jpg 300w, https:\/\/kiplingeberg.se\/wp-content\/uploads\/IMG_8286-e1493729837781-1200x944.jpg 1200w\" sizes=\"(max-width: 300px) 100vw, 300px\" \/><\/a><\/p>\n<p>Agronom Andreas Gryb\u00e4ck<br \/>\nVD Kiptuna AB<\/p>\n<p><span class=\"colLeft\">Mobil:\u00a0070-716 33 23<\/span><br \/>\n<span class=\"colLeft\">E-post:\u00a0<a href=\"mailto:andreas@satunagard.se\" target=\"_blank\" rel=\"noopener\">andreas@satunagard.se<\/a><\/span><\/p>\n<h4><span style=\"color: #003366;\"><strong>Fakturahantering<br \/>\n<\/strong><\/span><\/h4>\n<p>Vi anv\u00e4nder oss av extern fakturaskanning. Ni kan skicka era fakturor p\u00e5 tre s\u00e4tt till Kiplingebergs gods, men vi ser helst att ni anv\u00e4nder alternativ 1 eller 2.<\/p>\n<p>1. E-faktura<\/p>\n<p>2. Pdf-fakturor skickas till: <a href=\"mailto:faktura.kgef@kiplingeberg.se\">faktura.kgef@kiplingeberg.se<\/a><\/p>\n<p>3. Vanliga pappersfakturor till: Kiplingebergs gods, FE 1046, Box 25, 701 40 \u00a0\u00d6rebro<\/p>\n<p><strong>OBS! <\/strong>\u00d6vrig post &amp; gods skickas till v\u00e5r vanliga adress.<\/p>\n<p>&nbsp;<\/p>\n<h4><span style=\"color: #003366;\"><strong>Hitta hit<\/strong><\/span><\/h4>\n<p style=\"text-align: justify;\"><iframe loading=\"lazy\" style=\"border: 0;\" src=\"https:\/\/www.google.com\/maps\/embed?pb=!1m14!1m8!1m3!1d15979.050553265091!2d17.475196!3d59.95899800000001!3m2!1i1024!2i768!4f13.1!3m3!1m2!1s0x0%3A0x0!2zNTnCsDU3JzMxLjkiTiAxN8KwMjgnMzEuMSJF!5e0!3m2!1sen!2sus!4v1423505083336\" width=\"600\" height=\"450\" frameborder=\"0\"><\/iframe><\/p>\n","protected":false},"excerpt":{"rendered":"<p class=\"excerpt\">F\u00f6retagsledning Jakob von Engestr\u00f6m Mobil: 070-745 50 44 E-post:\u00a0jakob@kiplingeberg.se Liza von Engestr\u00f6m Mobil: 070-745 50 43 E-post: liza@kiplingeberg.se Fastighetsf\u00f6rvaltning &amp; byggnadsv\u00e5rd Maskinf\u00f6rare Ove Boman Maskinf\u00f6rare Kevin \u00c5strand Snickare Madars Freiverts Snickare Madars Vanna Aiva Bruna Event Kulturm\u00e5lare Marie Gyllensvaan V\u00e4sbylund Byggnadsv\u00e5rd &amp; G\u00e5rdsburik Mobil: 073-344 96 77\u202c\u202c Kicki Forsman V\u00e4sbylund Byggnadsv\u00e5rd &amp; G\u00e5rdsbutik Viltf\u00f6rvaltning &amp; jordbruk Viltm\u00e4stare &amp; lantm\u00e4stare Michael&hellip;<\/p>\n<p class=\"more-link-p\"><a class=\"btn btn-default\" href=\"https:\/\/kiplingeberg.se\/?page_id=4\">Read more<\/a><\/p>\n","protected":false},"author":1,"featured_media":1302,"parent":0,"menu_order":0,"comment_status":"closed","ping_status":"closed","template":"page-custom2.php","meta":[],"_links":{"self":[{"href":"https:\/\/kiplingeberg.se\/index.php?rest_route=\/wp\/v2\/pages\/4"}],"collection":[{"href":"https:\/\/kiplingeberg.se\/index.php?rest_route=\/wp\/v2\/pages"}],"about":[{"href":"https:\/\/kiplingeberg.se\/index.php?rest_route=\/wp\/v2\/types\/page"}],"author":[{"embeddable":true,"href":"https:\/\/kiplingeberg.se\/index.php?rest_route=\/wp\/v2\/users\/1"}],"replies":[{"embeddable":true,"href":"https:\/\/kiplingeberg.se\/index.php?rest_route=%2Fwp%2Fv2%2Fcomments&post=4"}],"version-history":[{"count":45,"href":"https:\/\/kiplingeberg.se\/index.php?rest_route=\/wp\/v2\/pages\/4\/revisions"}],"predecessor-version":[{"id":1586,"href":"https:\/\/kiplingeberg.se\/index.php?rest_route=\/wp\/v2\/pages\/4\/revisions\/1586"}],"wp:featuredmedia":[{"embeddable":true,"href":"https:\/\/kiplingeberg.se\/index.php?rest_route=\/wp\/v2\/media\/1302"}],"wp:attachment":[{"href":"https:\/\/kiplingeberg.se\/index.php?rest_route=%2Fwp%2Fv2%2Fmedia&parent=4"}],"curies":[{"name":"wp","href":"https:\/\/api.w.org\/{rel}","templated":true}]}}