{"id":589,"date":"2015-05-20T13:29:57","date_gmt":"2015-05-20T13:29:57","guid":{"rendered":"http:\/\/kiplingeberg.se\/?page_id=589"},"modified":"2015-05-20T13:38:58","modified_gmt":"2015-05-20T13:38:58","slug":"edenhof-golf-tour","status":"publish","type":"page","link":"https:\/\/kiplingeberg.se\/?page_id=589","title":{"rendered":"P\u00e5 g\u00e5ng p\u00e5 golfbanan"},"content":{"rendered":"<p>P\u00e5 Edenhof spelas i sommar Edenhof Golf Tour som \u00e4r samlingsnamnet p\u00e5 fyra delt\u00e4vlingar som spelas i maj, juni och augusti. L\u00e4s mer h\u00e4r &#8211; <a href=\"http:\/\/kiplingeberg.se\/wp-content\/uploads\/Edenhof-Golf-Tour-2015_info.pdf\">Edenhof Golf Tour 2015_info<\/a>.<\/p>\n","protected":false},"excerpt":{"rendered":"<p class=\"excerpt\">Edenhof Golf Tour spelas p\u00e5 Edenhof i sommar.<\/p>\n<p class=\"more-link-p\"><a class=\"btn btn-default\" href=\"https:\/\/kiplingeberg.se\/?page_id=589\">Read more<\/a><\/p>\n","protected":false},"author":2,"featured_media":0,"parent":18,"menu_order":0,"comment_status":"closed","ping_status":"closed","template":"","meta":[],"_links":{"self":[{"href":"https:\/\/kiplingeberg.se\/index.php?rest_route=\/wp\/v2\/pages\/589"}],"collection":[{"href":"https:\/\/kiplingeberg.se\/index.php?rest_route=\/wp\/v2\/pages"}],"about":[{"href":"https:\/\/kiplingeberg.se\/index.php?rest_route=\/wp\/v2\/types\/page"}],"author":[{"embeddable":true,"href":"https:\/\/kiplingeberg.se\/index.php?rest_route=\/wp\/v2\/users\/2"}],"replies":[{"embeddable":true,"href":"https:\/\/kiplingeberg.se\/index.php?rest_route=%2Fwp%2Fv2%2Fcomments&post=589"}],"version-history":[{"count":5,"href":"https:\/\/kiplingeberg.se\/index.php?rest_route=\/wp\/v2\/pages\/589\/revisions"}],"predecessor-version":[{"id":595,"href":"https:\/\/kiplingeberg.se\/index.php?rest_route=\/wp\/v2\/pages\/589\/revisions\/595"}],"up":[{"embeddable":true,"href":"https:\/\/kiplingeberg.se\/index.php?rest_route=\/wp\/v2\/pages\/18"}],"wp:attachment":[{"href":"https:\/\/kiplingeberg.se\/index.php?rest_route=%2Fwp%2Fv2%2Fmedia&parent=589"}],"curies":[{"name":"wp","href":"https:\/\/api.w.org\/{rel}","templated":true}]}}