{"id":59,"date":"2015-01-28T19:27:18","date_gmt":"2015-01-28T19:27:18","guid":{"rendered":"http:\/\/tornmarck.com\/wordpress\/?page_id=59"},"modified":"2024-12-13T11:35:22","modified_gmt":"2024-12-13T11:35:22","slug":"skog","status":"publish","type":"page","link":"https:\/\/kiplingeberg.se\/?page_id=59","title":{"rendered":"Skog"},"content":{"rendered":"<h4><span style=\"color: #008000;\"><strong>Skogen \u00e4r ett kulturlandskap<\/strong><\/span><\/h4>\n<p>En skogspromenad i en tallpelarsal \u00e4r en m\u00e4ktig upplevelse, inte trots, utan p\u00e5 grund av att den \u00e4r formad av m\u00e4nniskan. V\u00e5ra skogar utg\u00f6r ett kulturlandskap, precis som v\u00e5ra \u00e5krar och betesmarker. Det \u00e4r v\u00e5ra f\u00f6rf\u00e4ders brukande som skapat m\u00e5nga av de skogsmilj\u00f6er vi nu v\u00e4rderar h\u00f6gst. En slutavverkning i en s\u00e5dan milj\u00f6 kan k\u00e4nnas som en dramatisk f\u00f6r\u00e4ndring, men d\u00e5 g\u00e4ller det att minnas att tidslinjen i skogsbruket inte \u00e4r rak, utan rund. Den har inget slut. Sk\u00f6rden \u00e4r bara slutet av en fas och b\u00f6rjan p\u00e5 n\u00e4sta i ett o\u00e4ndligt kretslopp: snart spirar en ny skogsgeneration d\u00e4r den gamla stod.<\/p>\n<h4><strong><span style=\"color: #008000;\">Skogsbruket \u00e4r ryggraden i v\u00e5r verksamhet\u00a0<\/span><\/strong><\/h4>\n<p class=\"\">Till Kiplingeberg h\u00f6r ca 20 kvadratkilometer produktiv skogsmark. Skogsbruket \u00e4r ryggraden i egendomens ekonomi. Kassafl\u00f6det fr\u00e5n skogsbruket \u00e4r en f\u00f6ruts\u00e4ttning f\u00f6r allt v\u00e5rt milj\u00f6arbete och f\u00f6r underh\u00e5llet av v\u00e5ra kulturbyggnader och kulturmilj\u00f6er.<\/p>\n<p class=\"\">Virkesf\u00f6rr\u00e5det i produktionsskogarna \u00e4r f\u00f6rdelat p\u00e5 ungef\u00e4r tre fj\u00e4rdedelar barrskog, fr\u00e4mst tall och gran, och en fj\u00e4rdedel l\u00f6vskog, bland annat bj\u00f6rk, asp, poppel, klibbal och ek.<\/p>\n<h4><strong><span style=\"color: #008000;\">Milj\u00f6m\u00e5l och produktionsm\u00e5l samsas<\/span><\/strong><\/h4>\n<p>P\u00e5 12% av v\u00e5r produktiva skogsareal \u00e4r naturv\u00e5rd huvudm\u00e5let. De flesta av dessa biotoper sk\u00f6ts aktivt f\u00f6r att bevara eller f\u00f6rst\u00e4rka de naturv\u00e4rden de hyser. P\u00e5 resterande 88% \u00e4r virkesproduktion huvudm\u00e5let, men \u00e4ven d\u00e4r genomsyrar milj\u00f6m\u00e5len skogsbruket i allt fr\u00e5n generellt gynnande av \u00e4dell\u00f6v och b\u00e4rande tr\u00e4d och buskar (som ek, l\u00f6nn, lind, f\u00e5gelb\u00e4r, s\u00e4lg, h\u00e4gg, r\u00f6nn, vildapel, en, hassel, sl\u00e5n, nypon och oxel) till flerskiktade l\u00f6vdominerade skogsbryn och kantzoner mot \u00e5ker och l\u00e4ngs vattendrag.<\/p>\n<h4><strong><span style=\"color: #008000;\">Skogsbruk = klimatnytta<\/span><\/strong><\/h4>\n<p>Skogsbruket \u00e4r en vital del i omst\u00e4llningen till ett h\u00e5llbart samh\u00e4lle, d\u00e4r fossil r\u00e5vara m\u00e5ste ers\u00e4ttas av f\u00f6rnyelsebar. D\u00e4rf\u00f6r \u00e4r det s\u00e5 fantastiskt bra att det i skogen inte finns n\u00e5gon mots\u00e4ttning mellan h\u00f6g tillv\u00e4xt och klimatnytta, utan tv\u00e4rtom; ju h\u00f6gre tillv\u00e4xt desto st\u00f6rre koldioxiddammsugare, allt tack vare fotosyntesen!<\/p>\n<p>Den \u00e5rliga tillv\u00e4xten i Kiplingebergs skogar uppg\u00e5r till knappt 10.000 m3sk (skogskubikmeter), vilket betyder att de binder ungef\u00e4r 13.500 ton koldioxid per \u00e5r (k\u00e4lla: SLU). Det motsvarar 1 500 svenskars genomsnittliga \u00e5rliga konsumtionsbaserade v\u00e4xthusgasutsl\u00e4pp (k\u00e4lla: Naturv\u00e5rdsverket). Huvuddelen av tillv\u00e4xten sk\u00f6rdas varje \u00e5r, vilket ger b\u00e5de f\u00f6rnyelsebar r\u00e5vara och \u00e4r en f\u00f6ruts\u00e4ttning f\u00f6r fortsatt h\u00f6gt koldioxidupptag. Utan aktivt skogsbruk minskar n\u00e4mligen tillv\u00e4xten och d\u00e4rmed skogens f\u00f6rm\u00e5ga att lagra kol.<\/p>\n<h4><strong><span style=\"color: #008000;\">Naturreservatet B\u00e5ngmossen<\/span><\/strong><\/h4>\n<p>H\u00f6sten 2017 tog vi initiativ till bildandet av ett nytt naturreservat vid sj\u00f6n B\u00e5ngen, tre mil nordv\u00e4st om Uppsala. Omr\u00e5det, som h\u00f6r till Kiplingeberg, utg\u00f6rs huvudsakligen av myrmark och en \u00e4ldre tallmosse med kringliggande barrblandskog och sumpskog. Det \u00e4r en naturskogsliknande, k\u00e4nd rastplats f\u00f6r flyttf\u00e5glar som hyser en stor m\u00e5ngfald av v\u00e4xt- och djurarter. Efter n\u00e4stan tre \u00e5rs f\u00f6rhandling med Naturv\u00e5rdsverket och l\u00e4nsstyrelsen i Uppsala l\u00e4n bildades naturreservatet B\u00e5ngmossen i september 2020. Naturreservatet omfattar totalt 57 hektar, varav 52 hektar land och 5 hektar vatten och syftar till att v\u00e5rda och bevara omr\u00e5dets naturskogsartade tallmosse, l\u00f6v- och blandsumpskogar, \u00e4ldre barrblandskog och den \u00f6ppna myrmarken. L\u00e4nsstyrelsen f\u00f6rvaltar reservatet och ansvarar f\u00f6r att sk\u00f6tselplanen f\u00f6ljs.<\/p>\n<p><img decoding=\"async\" loading=\"lazy\" class=\"alignnone size-medium wp-image-1326\" src=\"http:\/\/kiplingeberg.se\/wp-content\/uploads\/Bild-2020-11-20-kl.-09.55-1-238x300.jpg\" alt=\"\" width=\"238\" height=\"300\" srcset=\"https:\/\/kiplingeberg.se\/wp-content\/uploads\/Bild-2020-11-20-kl.-09.55-1-238x300.jpg 238w, https:\/\/kiplingeberg.se\/wp-content\/uploads\/Bild-2020-11-20-kl.-09.55-1.jpg 733w\" sizes=\"(max-width: 238px) 100vw, 238px\" \/>\u00a0<img decoding=\"async\" loading=\"lazy\" class=\"alignnone size-medium wp-image-1322\" src=\"http:\/\/kiplingeberg.se\/wp-content\/uploads\/Bild-2020-11-20-kl.-09.54-274x300.jpg\" alt=\"\" width=\"274\" height=\"300\" srcset=\"https:\/\/kiplingeberg.se\/wp-content\/uploads\/Bild-2020-11-20-kl.-09.54-274x300.jpg 274w, https:\/\/kiplingeberg.se\/wp-content\/uploads\/Bild-2020-11-20-kl.-09.54.jpg 714w\" sizes=\"(max-width: 274px) 100vw, 274px\" \/><img decoding=\"async\" loading=\"lazy\" class=\"alignnone size-medium wp-image-1324\" src=\"http:\/\/kiplingeberg.se\/wp-content\/uploads\/Bild-2020-11-20-kl.-09.56-225x300.jpg\" alt=\"\" width=\"225\" height=\"300\" srcset=\"https:\/\/kiplingeberg.se\/wp-content\/uploads\/Bild-2020-11-20-kl.-09.56-225x300.jpg 225w, https:\/\/kiplingeberg.se\/wp-content\/uploads\/Bild-2020-11-20-kl.-09.56.jpg 371w\" sizes=\"(max-width: 225px) 100vw, 225px\" \/><\/p>\n<h4><strong><span style=\"color: #008000;\">Restaureringsprojekt skogens milj\u00f6v\u00e4rden<\/span><\/strong><\/h4>\n<div>Mellan 2018 och 2024 har \u00e5tta skogsbiotoper, totalt 28 hektar, restaurerats i samr\u00e5d med Skogsstyrelsen, i syfte att v\u00e4rna och st\u00e4rka skogens milj\u00f6v\u00e4rden.<\/div>\n<div><\/div>\n<div><\/div>\n<div>Genom r\u00f6jning och selektiv huggning har tr\u00e4dbevuxna betesmarker \u00e5terskapats, med frihuggning av gamla grova ekar, aspar, hagmarksbj\u00f6rkar och tallar. \u00c4ven tr\u00e4dslag som r\u00f6nn och s\u00e4lg har gynnats, h\u00f6gstubbar skapats och tillg\u00e5ngen p\u00e5 grov d\u00f6d ved har \u00f6kat. Samtidigt har ett antal kulturmilj\u00f6er och fornl\u00e4mningar frihuggits.<\/div>\n<div><\/div>\n<div><\/div>\n<div>Insatserna har genomf\u00f6rts med hj\u00e4lp av st\u00f6det Skogens milj\u00f6v\u00e4rden inom landsbygdsprogrammet (Europeiska jordbruksfonden f\u00f6r landsbygdsutveckling).<\/div>\n<div><\/div>\n<div><\/div>\n<div><img decoding=\"async\" loading=\"lazy\" class=\"alignnone size-medium wp-image-1665\" src=\"http:\/\/kiplingeberg.se\/wp-content\/uploads\/Bild-2024-11-13-kl.-12.54-300x286.jpeg\" alt=\"\" width=\"300\" height=\"286\" srcset=\"https:\/\/kiplingeberg.se\/wp-content\/uploads\/Bild-2024-11-13-kl.-12.54-300x286.jpeg 300w, https:\/\/kiplingeberg.se\/wp-content\/uploads\/Bild-2024-11-13-kl.-12.54.jpeg 709w\" sizes=\"(max-width: 300px) 100vw, 300px\" \/><\/div>\n<div><\/div>\n<p><em>F\u00f6r mer information, v\u00e4nligen kontakta Jakob von Engestr\u00f6m.<\/em><\/p>\n","protected":false},"excerpt":{"rendered":"<p class=\"excerpt\">Skogen \u00e4r ett kulturlandskap En skogspromenad i en tallpelarsal \u00e4r en m\u00e4ktig upplevelse, inte trots, utan p\u00e5 grund av att den \u00e4r formad av m\u00e4nniskan. V\u00e5ra skogar utg\u00f6r ett kulturlandskap, precis som v\u00e5ra \u00e5krar och betesmarker. Det \u00e4r v\u00e5ra f\u00f6rf\u00e4ders brukande som skapat m\u00e5nga av de skogsmilj\u00f6er vi nu v\u00e4rderar h\u00f6gst. En slutavverkning i en s\u00e5dan milj\u00f6 kan k\u00e4nnas som&hellip;<\/p>\n<p class=\"more-link-p\"><a class=\"btn btn-default\" href=\"https:\/\/kiplingeberg.se\/?page_id=59\">Read more<\/a><\/p>\n","protected":false},"author":1,"featured_media":0,"parent":0,"menu_order":0,"comment_status":"closed","ping_status":"closed","template":"page-custom.php","meta":[],"_links":{"self":[{"href":"https:\/\/kiplingeberg.se\/index.php?rest_route=\/wp\/v2\/pages\/59"}],"collection":[{"href":"https:\/\/kiplingeberg.se\/index.php?rest_route=\/wp\/v2\/pages"}],"about":[{"href":"https:\/\/kiplingeberg.se\/index.php?rest_route=\/wp\/v2\/types\/page"}],"author":[{"embeddable":true,"href":"https:\/\/kiplingeberg.se\/index.php?rest_route=\/wp\/v2\/users\/1"}],"replies":[{"embeddable":true,"href":"https:\/\/kiplingeberg.se\/index.php?rest_route=%2Fwp%2Fv2%2Fcomments&post=59"}],"version-history":[{"count":21,"href":"https:\/\/kiplingeberg.se\/index.php?rest_route=\/wp\/v2\/pages\/59\/revisions"}],"predecessor-version":[{"id":1698,"href":"https:\/\/kiplingeberg.se\/index.php?rest_route=\/wp\/v2\/pages\/59\/revisions\/1698"}],"wp:attachment":[{"href":"https:\/\/kiplingeberg.se\/index.php?rest_route=%2Fwp%2Fv2%2Fmedia&parent=59"}],"curies":[{"name":"wp","href":"https:\/\/api.w.org\/{rel}","templated":true}]}}