{"id":6,"date":"2015-01-22T10:11:38","date_gmt":"2015-01-22T10:11:38","guid":{"rendered":"http:\/\/tornmarck.com\/wordpress\/?page_id=6"},"modified":"2022-11-22T13:55:08","modified_gmt":"2022-11-22T13:55:08","slug":"om-oss","status":"publish","type":"page","link":"https:\/\/kiplingeberg.se\/?page_id=6","title":{"rendered":"Om oss"},"content":{"rendered":"<p>Kiplingebergs gods \u00e4r ett familjef\u00f6retag i elfte generationen som f\u00f6rvaltar knappt 2.800 hektar jord och skog norr om Uppsala.<\/p>\n<h4><strong><span style=\"color: #003366;\">V\u00e5ra verksamhetsm\u00e5l<\/span><\/strong><\/h4>\n<p>Den kulturmilj\u00f6 vi lever i \u00e4r resultatet av m\u00e5nga generationers uth\u00e5lliga och framsynta arbete. Vi ser oss som en l\u00e4nk i den obrutna kedjan. H\u00e5llbart nyttjande av naturresurserna och god ekonomisk b\u00e4rkraft \u00e4r tv\u00e5 grundf\u00f6ruts\u00e4ttningar f\u00f6r l\u00e5ngsiktighet. D\u00e4rf\u00f6r \u00e4r det \u00f6vergripande m\u00e5let f\u00f6r v\u00e5r f\u00f6rvaltning att med god ekonomisk avkastning l\u00e5ngsiktigt v\u00e4rna och utveckla egendomens natur- och kulturv\u00e4rden.<\/p>\n<p>Vi vill att ledord som engagemang, laganda, kvalitet och best practice skall genomsyra v\u00e5r verksamhet. Vi vet att vi \u00e4r beroende av duktiga och engagerade medarbetare f\u00f6r att n\u00e5 v\u00e5ra m\u00e5l och vill d\u00e4rf\u00f6r vara en arbetsplats som pr\u00e4glas av frihet under ansvar, d\u00e4r vi arbetar tillsammans f\u00f6r att st\u00e4ndigt f\u00f6rb\u00e4ttra och utveckla b\u00e5de oss sj\u00e4lva och egendomen vi f\u00f6rvaltar och d\u00e4r vi k\u00e4nner stolthet \u00f6ver det vi g\u00f6r.<\/p>\n<p>Vi str\u00e4var efter att skapa en trygg, vacker och h\u00e4lsosam milj\u00f6 f\u00f6r v\u00e5ra barn, medarbetare, hyresg\u00e4ster och bes\u00f6kare. P\u00e5 s\u00e5 s\u00e4tt bidrar vi till en levande och livskraftig landsbygd.<\/p>\n<p>&nbsp;<\/p>\n","protected":false},"excerpt":{"rendered":"<p class=\"excerpt\">Kiplingebergs gods \u00e4r ett familjef\u00f6retag i elfte generationen som f\u00f6rvaltar knappt 2.800 hektar jord och skog norr om Uppsala. V\u00e5ra verksamhetsm\u00e5l Den kulturmilj\u00f6 vi lever i \u00e4r resultatet av m\u00e5nga generationers uth\u00e5lliga och framsynta arbete. Vi ser oss som en l\u00e4nk i den obrutna kedjan. H\u00e5llbart nyttjande av naturresurserna och god ekonomisk b\u00e4rkraft \u00e4r tv\u00e5 grundf\u00f6ruts\u00e4ttningar f\u00f6r l\u00e5ngsiktighet. D\u00e4rf\u00f6r \u00e4r&hellip;<\/p>\n<p class=\"more-link-p\"><a class=\"btn btn-default\" href=\"https:\/\/kiplingeberg.se\/?page_id=6\">Read more<\/a><\/p>\n","protected":false},"author":1,"featured_media":0,"parent":0,"menu_order":0,"comment_status":"closed","ping_status":"closed","template":"page-custom.php","meta":[],"_links":{"self":[{"href":"https:\/\/kiplingeberg.se\/index.php?rest_route=\/wp\/v2\/pages\/6"}],"collection":[{"href":"https:\/\/kiplingeberg.se\/index.php?rest_route=\/wp\/v2\/pages"}],"about":[{"href":"https:\/\/kiplingeberg.se\/index.php?rest_route=\/wp\/v2\/types\/page"}],"author":[{"embeddable":true,"href":"https:\/\/kiplingeberg.se\/index.php?rest_route=\/wp\/v2\/users\/1"}],"replies":[{"embeddable":true,"href":"https:\/\/kiplingeberg.se\/index.php?rest_route=%2Fwp%2Fv2%2Fcomments&post=6"}],"version-history":[{"count":38,"href":"https:\/\/kiplingeberg.se\/index.php?rest_route=\/wp\/v2\/pages\/6\/revisions"}],"predecessor-version":[{"id":1463,"href":"https:\/\/kiplingeberg.se\/index.php?rest_route=\/wp\/v2\/pages\/6\/revisions\/1463"}],"wp:attachment":[{"href":"https:\/\/kiplingeberg.se\/index.php?rest_route=%2Fwp%2Fv2%2Fmedia&parent=6"}],"curies":[{"name":"wp","href":"https:\/\/api.w.org\/{rel}","templated":true}]}}